{"id":698,"date":"2019-01-16T16:49:22","date_gmt":"2019-01-16T15:49:22","guid":{"rendered":"https:\/\/mariejacquier.com\/?page_id=698"},"modified":"2019-01-29T14:55:12","modified_gmt":"2019-01-29T13:55:12","slug":"mentions-legales","status":"publish","type":"page","link":"https:\/\/mariejacquier.com\/index.php\/mentions-legales\/","title":{"rendered":"Mentions l\u00e9gales"},"content":{"rendered":"<p>[et_pb_section bb_built=\u00a0\u00bb1&Prime; _builder_version=\u00a0\u00bb3.18.7&Prime; background_image=\u00a0\u00bbhttps:\/\/mariejacquier.com\/wp-content\/uploads\/2019\/01\/P6140181-1.jpg\u00a0\u00bb custom_padding=\u00a0\u00bb10px|0px|20px|0px|false|false\u00a0\u00bb next_background_color=\u00a0\u00bb#ffffff\u00a0\u00bb][et_pb_row custom_padding=\u00a0\u00bb80px|40px|80px|40px|false|false\u00a0\u00bb _builder_version=\u00a0\u00bb3.18.7&Prime; animation_style=\u00a0\u00bbzoom\u00a0\u00bb animation_intensity_zoom=\u00a0\u00bb10%\u00a0\u00bb][et_pb_column type=\u00a0\u00bb4_4&Prime;][et_pb_cta admin_label=\u00a0\u00bbTittle, Paragraph &#038; Call To Action\u00a0\u00bb title=\u00a0\u00bbMentions l\u00e9gales\u00a0\u00bb button_url=\u00a0\u00bb#top\u00a0\u00bb _builder_version=\u00a0\u00bb3.18.7&Prime; header_font=\u00a0\u00bbArial|600||on|||||\u00a0\u00bb header_text_color=\u00a0\u00bb#ffffff\u00a0\u00bb header_font_size=\u00a0\u00bb30px\u00a0\u00bb header_letter_spacing=\u00a0\u00bb10px\u00a0\u00bb header_line_height=\u00a0\u00bb1.4em\u00a0\u00bb body_font=\u00a0\u00bbOpen Sans|600|||||||\u00a0\u00bb body_font_size=\u00a0\u00bb16px\u00a0\u00bb body_line_height=\u00a0\u00bb1.8em\u00a0\u00bb use_background_color=\u00a0\u00bboff\u00a0\u00bb custom_button=\u00a0\u00bbon\u00a0\u00bb button_text_size=\u00a0\u00bb17px\u00a0\u00bb button_text_color=\u00a0\u00bb#ffffff\u00a0\u00bb button_bg_color=\u00a0\u00bbrgba(0,0,0,0)\u00a0\u00bb button_border_width=\u00a0\u00bb1px\u00a0\u00bb button_border_color=\u00a0\u00bb#ffffff\u00a0\u00bb button_border_radius=\u00a0\u00bb0px\u00a0\u00bb button_letter_spacing=\u00a0\u00bb4px\u00a0\u00bb button_font=\u00a0\u00bbArial|700||on|||||\u00a0\u00bb button_use_icon=\u00a0\u00bboff\u00a0\u00bb background_layout=\u00a0\u00bblight\u00a0\u00bb max_width=\u00a0\u00bb600px\u00a0\u00bb module_alignment=\u00a0\u00bbcenter\u00a0\u00bb custom_margin=\u00a0\u00bb50px|||\u00a0\u00bb custom_margin_tablet=\u00a0\u00bb0px|||\u00a0\u00bb custom_margin_last_edited=\u00a0\u00bbon|tablet\u00a0\u00bb button_text_color_hover=\u00a0\u00bb#ffffff\u00a0\u00bb button_border_color_hover=\u00a0\u00bbrgba(0,0,0,0)\u00a0\u00bb button_border_radius_hover=\u00a0\u00bb28px\u00a0\u00bb button_letter_spacing_hover=\u00a0\u00bb2px\u00a0\u00bb button_bg_color_hover=\u00a0\u00bbrgba(0,0,0,0.7)\u00a0\u00bb locked=\u00a0\u00bboff\u00a0\u00bb inline_fonts=\u00a0\u00bbArial\u00a0\u00bb button_text_size__hover_enabled=\u00a0\u00bboff\u00a0\u00bb button_one_text_size__hover_enabled=\u00a0\u00bboff\u00a0\u00bb button_two_text_size__hover_enabled=\u00a0\u00bboff\u00a0\u00bb button_text_color__hover_enabled=\u00a0\u00bbon\u00a0\u00bb button_text_color__hover=\u00a0\u00bbrgba(0,0,0,0)\u00a0\u00bb button_one_text_color__hover_enabled=\u00a0\u00bboff\u00a0\u00bb button_two_text_color__hover_enabled=\u00a0\u00bboff\u00a0\u00bb button_border_width__hover_enabled=\u00a0\u00bboff\u00a0\u00bb button_one_border_width__hover_enabled=\u00a0\u00bboff\u00a0\u00bb button_two_border_width__hover_enabled=\u00a0\u00bboff\u00a0\u00bb button_border_color__hover_enabled=\u00a0\u00bbon\u00a0\u00bb button_border_color__hover=\u00a0\u00bbrgba(0,0,0,0)\u00a0\u00bb button_one_border_color__hover_enabled=\u00a0\u00bboff\u00a0\u00bb button_two_border_color__hover_enabled=\u00a0\u00bboff\u00a0\u00bb button_border_radius__hover_enabled=\u00a0\u00bbon\u00a0\u00bb button_border_radius__hover=\u00a0\u00bb0px\u00a0\u00bb button_one_border_radius__hover_enabled=\u00a0\u00bboff\u00a0\u00bb button_two_border_radius__hover_enabled=\u00a0\u00bboff\u00a0\u00bb button_letter_spacing__hover_enabled=\u00a0\u00bbon\u00a0\u00bb button_letter_spacing__hover=\u00a0\u00bb2px\u00a0\u00bb button_one_letter_spacing__hover_enabled=\u00a0\u00bboff\u00a0\u00bb button_two_letter_spacing__hover_enabled=\u00a0\u00bboff\u00a0\u00bb button_bg_color__hover_enabled=\u00a0\u00bbon\u00a0\u00bb button_one_bg_color__hover_enabled=\u00a0\u00bboff\u00a0\u00bb button_two_bg_color__hover_enabled=\u00a0\u00bboff\u00a0\u00bb header_font_size_phone=\u00a0\u00bb20px\u00a0\u00bb header_font_size_last_edited=\u00a0\u00bbon|phone\u00a0\u00bb \/][\/et_pb_column][\/et_pb_row][\/et_pb_section][et_pb_section bb_built=\u00a0\u00bb1&Prime; admin_label=\u00a0\u00bbJuice Categories Section\u00a0\u00bb _builder_version=\u00a0\u00bb3.18.7&Prime; background_color=\u00a0\u00bb#ffffff\u00a0\u00bb custom_padding=\u00a0\u00bb60px|0px|0|0px|false|false\u00a0\u00bb prev_background_color=\u00a0\u00bb#000000&Prime;][et_pb_row custom_padding=\u00a0\u00bb27px|0px|27px|0|false|false\u00a0\u00bb _builder_version=\u00a0\u00bb3.18.7&Prime;][et_pb_column type=\u00a0\u00bb4_4&Prime;][et_pb_text _builder_version=\u00a0\u00bb3.18.7&Prime;]<\/p>\n<h2 class=\"\"><span class=\"\" style=\"font-size: x-large;\">Editeur<\/span><\/h2>\n<div class=\"\"><span color=\"#666666\" style=\"color: #666666;\">Le site accessible \u00e0 l\u2019adresse\u00a0<\/span><span class=\"\" style=\"color: #666666;\"><a class=\"\" href=\"https:\/\/www.perturbateurendocrinien.fr\/\" target=\"_blank\" rel=\"noopener\" style=\"color: #666666;\">https:\/\/mariejacquier.com<\/a><\/span><span color=\"#666666\" style=\"color: #666666;\">\u00a0est \u00e9dit\u00e9 par :<\/span><br class=\"\" \/><span color=\"#666666\" style=\"color: #666666;\">Marie Jacquier<\/span><br class=\"\" \/><span color=\"#666666\" style=\"color: #666666;\">Si\u00e8ge social : 17bis, rue de Paradis &#8211; 75010 Paris<\/span><br class=\"\" \/><span color=\"#ff2600\" style=\"color: #ff2600;\"><\/span><span class=\"\">\u00a0<\/span><\/div>\n<h2 class=\"\"><span class=\"\" style=\"font-size: x-large;\">Directeur de la publication<\/span><\/h2>\n<div class=\"\">Marie Jacquier, Fondatrice.<br class=\"\" \/><span color=\"#ff2600\"><\/span><span class=\"\">\u00a0<\/span><\/div>\n<p><span style=\"font-size: x-large; color: #333333;\">H\u00e9bergeur<\/span><\/p>\n<div class=\"\">OVH &#8211; 2 rue Kellermann &#8211; 59100 Roubaix &#8211; France.<br class=\"\" \/><span color=\"#ff2600\"><\/span><span class=\"\">\u00a0<\/span><\/div>\n<h2 class=\"\"><span class=\"\" style=\"font-size: x-large;\">Cr\u00e9ation du site internet\u00a0<\/span><\/h2>\n<div class=\"\">Agenc<span style=\"color: #666666;\">e\u00a0<a href=\"http:\/\/charlotte-et-charlotte.com\/\" class=\"\" style=\"color: #666666;\">Charlotte&amp;Charlotte<\/a>\u00a0<\/span>&#8211; 11 rue de Chateaudun &#8211; 75009 Paris &#8211; France.<\/div>\n<div class=\"\"><a href=\"http:\/\/www.charlotte-et-charlotte.com\/\" class=\"\">www.charlotte-et-charlotte.com<br class=\"\" \/><span color=\"#ff2600\"><\/span><span class=\"\">\u00a0<\/span><\/a><\/div>\n<div class=\"\">\n<h2 class=\"\"><span style=\"font-size: x-large;\">Identit\u00e9 graphique et visuelle<\/span><\/h2>\n<div class=\"\"><span class=\"\"><span>Ellia Kevorkian<\/span> <\/span><\/div>\n<\/div>\n<p><span class=\"\">\u00a0<\/span><\/p>\n<h2 class=\"\"><span class=\"\" style=\"font-size: x-large;\">Propri\u00e9t\u00e9 intellectuelle \/ Copyright<\/span><\/h2>\n<div class=\"\">Tous les documents et les \u00e9l\u00e9ments <span style=\"color: #666666;\">diffus\u00e9s sur le site\u00a0<a class=\"\" href=\"https:\/\/www.perturbateurendocrinien.fr\/\" target=\"_blank\" rel=\"noopener\" style=\"color: #666666;\">https:\/\/mariejacquier.com<\/a><b class=\"\"><a class=\"\" href=\"https:\/\/www.perturbateurendocrinien.fr\/\" target=\"_blank\" rel=\"noopener\" style=\"color: #666666;\"><\/a>\u00a0<\/b>s<\/span>ont la propri\u00e9t\u00e9 de Marie Jacquier et\/ou de ses clients et\/ou partenaires et sont soumis aux lois r\u00e9gissant les droits de propri\u00e9t\u00e9 intellectuelle en France et dans le monde.<\/div>\n<p>[\/et_pb_text][\/et_pb_column][\/et_pb_row][\/et_pb_section]<\/p>\n","protected":false},"excerpt":{"rendered":"<p>Editeur Le site accessible \u00e0 l\u2019adresse\u00a0https:\/\/mariejacquier.com\u00a0est \u00e9dit\u00e9 par :Marie JacquierSi\u00e8ge social : 17bis, rue de Paradis &#8211; 75010 Paris\u00a0 Directeur de la publication Marie Jacquier, Fondatrice.\u00a0 H\u00e9bergeur OVH &#8211; 2 rue Kellermann &#8211; 59100 Roubaix &#8211; France.\u00a0 Cr\u00e9ation du site internet\u00a0 Agence\u00a0Charlotte&amp;Charlotte\u00a0&#8211; 11 rue de Chateaudun &#8211; 75009 Paris &#8211; France. www.charlotte-et-charlotte.com\u00a0 Identit\u00e9 graphique et [&hellip;]<\/p>\n","protected":false},"author":1,"featured_media":0,"parent":0,"menu_order":0,"comment_status":"closed","ping_status":"closed","template":"","meta":{"_et_pb_use_builder":"on","_et_pb_old_content":"","_et_gb_content_width":"","footnotes":""},"class_list":["post-698","page","type-page","status-publish","hentry"],"_links":{"self":[{"href":"https:\/\/mariejacquier.com\/index.php\/wp-json\/wp\/v2\/pages\/698","targetHints":{"allow":["GET"]}}],"collection":[{"href":"https:\/\/mariejacquier.com\/index.php\/wp-json\/wp\/v2\/pages"}],"about":[{"href":"https:\/\/mariejacquier.com\/index.php\/wp-json\/wp\/v2\/types\/page"}],"author":[{"embeddable":true,"href":"https:\/\/mariejacquier.com\/index.php\/wp-json\/wp\/v2\/users\/1"}],"replies":[{"embeddable":true,"href":"https:\/\/mariejacquier.com\/index.php\/wp-json\/wp\/v2\/comments?post=698"}],"version-history":[{"count":12,"href":"https:\/\/mariejacquier.com\/index.php\/wp-json\/wp\/v2\/pages\/698\/revisions"}],"predecessor-version":[{"id":1160,"href":"https:\/\/mariejacquier.com\/index.php\/wp-json\/wp\/v2\/pages\/698\/revisions\/1160"}],"wp:attachment":[{"href":"https:\/\/mariejacquier.com\/index.php\/wp-json\/wp\/v2\/media?parent=698"}],"curies":[{"name":"wp","href":"https:\/\/api.w.org\/{rel}","templated":true}]}}