{"id":4288,"date":"2025-04-11T14:58:36","date_gmt":"2025-04-11T12:58:36","guid":{"rendered":"https:\/\/mariejacquier.com\/?page_id=4288"},"modified":"2025-04-15T23:38:02","modified_gmt":"2025-04-15T21:38:02","slug":"nika-project-space","status":"publish","type":"page","link":"https:\/\/mariejacquier.com\/index.php\/nika-project-space\/","title":{"rendered":"Nika Project Space"},"content":{"rendered":"<p>[et_pb_section fb_built=\u00a0\u00bb1&Prime; _builder_version=\u00a0\u00bb4.9.4&Prime; background_image=\u00a0\u00bbhttps:\/\/mariejacquier.com\/wp-content\/uploads\/2025\/04\/nova-1.png\u00a0\u00bb parallax=\u00a0\u00bbon\u00a0\u00bb custom_padding=\u00a0\u00bb10px|0px|86px|0px|false|false\u00a0\u00bb][et_pb_row _builder_version=\u00a0\u00bb3.25&Prime; custom_padding=\u00a0\u00bb134px|40px|80px|40px|false|false\u00a0\u00bb animation_style=\u00a0\u00bbzoom\u00a0\u00bb animation_intensity_zoom=\u00a0\u00bb10%\u00a0\u00bb][et_pb_column type=\u00a0\u00bb4_4&Prime; _builder_version=\u00a0\u00bb3.25&Prime; custom_padding=\u00a0\u00bb|||\u00a0\u00bb custom_padding__hover=\u00a0\u00bb|||\u00a0\u00bb][et_pb_cta title=\u00a0\u00bbNika Project Space\u00a0\u00bb button_url=\u00a0\u00bb#top\u00a0\u00bb admin_label=\u00a0\u00bbHeader\u00a0\u00bb _builder_version=\u00a0\u00bb4.9.4&Prime; header_font=\u00a0\u00bbArial|600||on|||||\u00a0\u00bb header_text_color=\u00a0\u00bb#FFFFFF\u00a0\u00bb header_font_size=\u00a0\u00bb30px\u00a0\u00bb header_letter_spacing=\u00a0\u00bb5px\u00a0\u00bb header_line_height=\u00a0\u00bb1.4em\u00a0\u00bb body_font=\u00a0\u00bbOpen Sans|600|||||||\u00a0\u00bb body_font_size=\u00a0\u00bb16px\u00a0\u00bb body_line_height=\u00a0\u00bb1.8em\u00a0\u00bb use_background_color=\u00a0\u00bboff\u00a0\u00bb custom_button=\u00a0\u00bbon\u00a0\u00bb button_text_size=\u00a0\u00bb17px\u00a0\u00bb button_text_color=\u00a0\u00bb#ffffff\u00a0\u00bb button_bg_color=\u00a0\u00bbrgba(0,0,0,0)\u00a0\u00bb button_border_width=\u00a0\u00bb1px\u00a0\u00bb button_border_color=\u00a0\u00bb#ffffff\u00a0\u00bb button_border_radius=\u00a0\u00bb0px\u00a0\u00bb button_letter_spacing=\u00a0\u00bb4px\u00a0\u00bb button_font=\u00a0\u00bbArial|700||on|||||\u00a0\u00bb button_use_icon=\u00a0\u00bboff\u00a0\u00bb background_layout=\u00a0\u00bblight\u00a0\u00bb max_width=\u00a0\u00bb600px\u00a0\u00bb module_alignment=\u00a0\u00bbcenter\u00a0\u00bb custom_margin=\u00a0\u00bb50px|||\u00a0\u00bb custom_margin_tablet=\u00a0\u00bb0px|||\u00a0\u00bb custom_margin_phone=\u00a0\u00bb\u00a0\u00bb custom_margin_last_edited=\u00a0\u00bbon|tablet\u00a0\u00bb header_font_size_tablet=\u00a0\u00bb\u00a0\u00bb header_font_size_phone=\u00a0\u00bb20px\u00a0\u00bb header_font_size_last_edited=\u00a0\u00bbon|phone\u00a0\u00bb button_text_color_hover=\u00a0\u00bb#ffffff\u00a0\u00bb button_border_color_hover=\u00a0\u00bbrgba(0,0,0,0)\u00a0\u00bb button_border_radius_hover=\u00a0\u00bb28px\u00a0\u00bb button_letter_spacing_hover=\u00a0\u00bb2px\u00a0\u00bb button_bg_color_hover=\u00a0\u00bbrgba(0,0,0,0.7)\u00a0\u00bb locked=\u00a0\u00bboff\u00a0\u00bb inline_fonts=\u00a0\u00bbArial\u00a0\u00bb button_text_size__hover_enabled=\u00a0\u00bboff\u00a0\u00bb button_one_text_size__hover_enabled=\u00a0\u00bboff\u00a0\u00bb button_two_text_size__hover_enabled=\u00a0\u00bboff\u00a0\u00bb button_text_color__hover_enabled=\u00a0\u00bbon\u00a0\u00bb button_text_color__hover=\u00a0\u00bbrgba(0,0,0,0)\u00a0\u00bb button_one_text_color__hover_enabled=\u00a0\u00bboff\u00a0\u00bb button_two_text_color__hover_enabled=\u00a0\u00bboff\u00a0\u00bb button_border_width__hover_enabled=\u00a0\u00bboff\u00a0\u00bb button_one_border_width__hover_enabled=\u00a0\u00bboff\u00a0\u00bb button_two_border_width__hover_enabled=\u00a0\u00bboff\u00a0\u00bb button_border_color__hover_enabled=\u00a0\u00bbon\u00a0\u00bb button_border_color__hover=\u00a0\u00bbrgba(0,0,0,0)\u00a0\u00bb button_one_border_color__hover_enabled=\u00a0\u00bboff\u00a0\u00bb button_two_border_color__hover_enabled=\u00a0\u00bboff\u00a0\u00bb button_border_radius__hover_enabled=\u00a0\u00bbon\u00a0\u00bb button_border_radius__hover=\u00a0\u00bb0px\u00a0\u00bb button_one_border_radius__hover_enabled=\u00a0\u00bboff\u00a0\u00bb button_two_border_radius__hover_enabled=\u00a0\u00bboff\u00a0\u00bb button_letter_spacing__hover_enabled=\u00a0\u00bbon\u00a0\u00bb button_letter_spacing__hover=\u00a0\u00bb2px\u00a0\u00bb button_one_letter_spacing__hover_enabled=\u00a0\u00bboff\u00a0\u00bb button_two_letter_spacing__hover_enabled=\u00a0\u00bboff\u00a0\u00bb button_bg_color__hover_enabled=\u00a0\u00bbon\u00a0\u00bb button_one_bg_color__hover_enabled=\u00a0\u00bboff\u00a0\u00bb button_two_bg_color__hover_enabled=\u00a0\u00bboff\u00a0\u00bb][\/et_pb_cta][\/et_pb_column][\/et_pb_row][\/et_pb_section][et_pb_section fb_built=\u00a0\u00bb1&Prime; admin_label=\u00a0\u00bbJuice Categories Section\u00a0\u00bb _builder_version=\u00a0\u00bb3.22&Prime; custom_padding=\u00a0\u00bb60px|0px|60px|0px|false|false\u00a0\u00bb][et_pb_row _builder_version=\u00a0\u00bb3.25&Prime; custom_padding=\u00a0\u00bb25.5938px|0px|25px|0px|false|false\u00a0\u00bb][et_pb_column type=\u00a0\u00bb4_4&Prime; _builder_version=\u00a0\u00bb3.25&Prime; custom_padding=\u00a0\u00bb|||\u00a0\u00bb custom_padding__hover=\u00a0\u00bb|||\u00a0\u00bb][et_pb_text _builder_version=\u00a0\u00bb4.9.4&Prime; text_text_color=\u00a0\u00bb#000000&Prime; inline_fonts=\u00a0\u00bbArial\u00a0\u00bb]<\/p>\n<p class=\"p1\" style=\"text-align: center;\"><em><span style=\"color: #010236; font-family: Arial; font-size: x-large;\">\u00c9v\u00e9nement<\/span><\/em><\/p>\n<p style=\"text-align: center;\"><span style=\"font-weight: normal;\">&#8212;&#8212;&#8212;&#8212;&#8212;&#8212;&#8212;&#8212;&#8212;&#8212;-<\/span><\/p>\n<p style=\"font-weight: 400;\"><strong>UN DIMANCHE CULTUREL \u00c0 ROMAINVILLE<\/strong><br \/><strong>PROGRAMMATION IN\u00c9DITE ET EXCLUSIVE<\/strong><\/p>\n<p>Autour d&rsquo;un Brunch, \u00e0 la fois la d\u00e9couverte de la galerie, sa programmation 2025, et un incontournable dialogue cr\u00e9atif entre l\u2019artiste Alexander Ugay et la conservatrice, Elena Sorokina.\u00a0<\/p>\n<p>Et le dimanche 16 mars 2025 de mani\u00e8re exceptionnelle les galeries de Komunuma \u00e0 Romainville \u00e9taient ouvertes de 15h \u00e0 19h<\/p>\n<p style=\"font-weight: 400;\">In Situ &#8211; Fabienne Leclerc\u00a0<br \/>Galerie Jocelyn<br \/>Galerie Sator\u00a0<br \/>22,48<br \/>Galerie Iragui<\/p>\n<p>Sorokina,\u00a0conservatrice, historienne de l&rsquo;art et \u00e9crivaine russe, faisait partie de l&rsquo;\u00e9quipe de conservation de la documenta 14 et co-commissaire du pavillon arm\u00e9nien \u00e0 la 59e Biennale de Venise. Elle\u00a0a commenc\u00e9 sa pratique de conservateur \u00e0 New York en suivant le programme ISP du Whitney, tandis qu&rsquo;Ugay commen\u00e7ait \u00e0 exposer au niveau international. L&rsquo;artiste et le conservateur partagent tous deux un int\u00e9r\u00eat pour les modernit\u00e9s multiples, les mutations des ordres symboliques, les savoirs diasporiques, la m\u00e9moire affective.<\/p>\n<p>Le travail d&rsquo;Alexander Ugay transcende les supports artistiques tout en explorant les fronti\u00e8res du temps, du lieu et de la m\u00e9moire. Photographie, vid\u00e9o et installation r\u00e9v\u00e8lent dans cette exposition des tensions au sein de l&rsquo;\u00ab objet \u00bb : entre une partie pr\u00e9sente, mat\u00e9rialis\u00e9e et id\u00e9ologis\u00e9e, et une partie absente, immat\u00e9rielle et affective.\u00a0<\/p>\n<p>N\u00e9 en 1978, Ugay vit et travaille \u00e0 Almaty, au Kazakhstan, et \u00e0 S\u00e9oul, en Cor\u00e9e du Sud. Ugay a expos\u00e9 ses \u0153uvres \u00e0 la Biennale d&rsquo;art contemporain de Busan (2022), au Art Sonje Center de S\u00e9oul (2020), au Sapar Contemporary de New York (2019), au Lunds Konsthall de Su\u00e8de (2018), au Garage Museum of Contemporary Art de Moscou (2016), au Mus\u00e9e d&rsquo;art contemporain de Strasbourg (2014), au Mus\u00e9e d&rsquo;art contemporain (2011), \u00e0 la Biennale d&rsquo;architecture de Venise (2010), au Centre Pompidou de Paris (2010), au New Museum de New York (2009), au Pavillon de l&rsquo;Asie centrale de la 52e Biennale de Venise (2007) ; Biennale d&rsquo;architecture de Venise (2010) ; Centre Pompidou \u00e0 Paris (2010) ; New Museum, New York (2009) ; Pavillon de l&rsquo;Asie centrale \u00e0 la 52e Biennale de Venise (2007) ; ainsi que diverses autres biennales et projets internationaux dans le monde entier, y compris des expositions individuelles \u00e0 la Aspan Gallery, Almaty, et \u00e0 la Galeria Labirynt, Lublin, Pologne..<\/p>\n<p>Ses \u0153uvres font partie de collections internationales priv\u00e9es et publiques\u00a0: Van Abbemuseum, Eindhoven, Pays-Bas ; Centre Pompidou, Paris ; Stedelijk Museum, Amsterdam ; Galeria Labirynt, Lublin, Pologne ; Mus\u00e9e national de la R\u00e9publique du Kazakhstan, Astana, et Lunds Konsthall, Lund, Su\u00e8de.<\/p>\n<p style=\"font-weight: 400;\"><strong>Nika Project Space, <br \/>43 rue de la Commune de Paris, 93230 Romainville <\/strong><\/p>\n<p>[\/et_pb_text][\/et_pb_column][\/et_pb_row][\/et_pb_section][et_pb_section fb_built=\u00a0\u00bb1&Prime; _builder_version=\u00a0\u00bb3.22&Prime; background_image=\u00a0\u00bbhttps:\/\/mariejacquier.com\/wp-content\/uploads\/2018\/12\/MARIEJACQUIER_agence.jpg\u00a0\u00bb parallax=\u00a0\u00bbon\u00a0\u00bb custom_padding=\u00a0\u00bb10px|0px|65px|0px|false|false\u00a0\u00bb][et_pb_row _builder_version=\u00a0\u00bb3.25&Prime; custom_padding=\u00a0\u00bb64px|40px|0|40px|false|false\u00a0\u00bb animation_style=\u00a0\u00bbzoom\u00a0\u00bb animation_intensity_zoom=\u00a0\u00bb10%\u00a0\u00bb][et_pb_column type=\u00a0\u00bb4_4&Prime; _builder_version=\u00a0\u00bb3.25&Prime; custom_padding=\u00a0\u00bb|||\u00a0\u00bb custom_padding__hover=\u00a0\u00bb|||\u00a0\u00bb][et_pb_cta title=\u00a0\u00bbNOS missions\u00a0\u00bb button_url=\u00a0\u00bb#top\u00a0\u00bb admin_label=\u00a0\u00bbNos missions\u00a0\u00bb _builder_version=\u00a0\u00bb3.18.7&Prime; header_font=\u00a0\u00bbArial|600||on|||||\u00a0\u00bb header_text_color=\u00a0\u00bb#ffffff\u00a0\u00bb header_font_size=\u00a0\u00bb30px\u00a0\u00bb header_letter_spacing=\u00a0\u00bb5px\u00a0\u00bb header_line_height=\u00a0\u00bb1.4em\u00a0\u00bb body_font=\u00a0\u00bbOpen Sans|600|||||||\u00a0\u00bb body_font_size=\u00a0\u00bb16px\u00a0\u00bb body_line_height=\u00a0\u00bb1.8em\u00a0\u00bb use_background_color=\u00a0\u00bboff\u00a0\u00bb custom_button=\u00a0\u00bbon\u00a0\u00bb button_text_size=\u00a0\u00bb17px\u00a0\u00bb button_text_color=\u00a0\u00bb#ffffff\u00a0\u00bb button_bg_color=\u00a0\u00bbrgba(0,0,0,0)\u00a0\u00bb button_border_width=\u00a0\u00bb1px\u00a0\u00bb button_border_color=\u00a0\u00bb#ffffff\u00a0\u00bb button_border_radius=\u00a0\u00bb0px\u00a0\u00bb button_letter_spacing=\u00a0\u00bb4px\u00a0\u00bb button_font=\u00a0\u00bbArial|700||on|||||\u00a0\u00bb button_use_icon=\u00a0\u00bboff\u00a0\u00bb background_layout=\u00a0\u00bblight\u00a0\u00bb max_width=\u00a0\u00bb600px\u00a0\u00bb module_alignment=\u00a0\u00bbcenter\u00a0\u00bb custom_margin=\u00a0\u00bb50px|||\u00a0\u00bb custom_margin_tablet=\u00a0\u00bb0px|||\u00a0\u00bb custom_margin_phone=\u00a0\u00bb\u00a0\u00bb custom_margin_last_edited=\u00a0\u00bbon|tablet\u00a0\u00bb header_font_size_tablet=\u00a0\u00bb\u00a0\u00bb header_font_size_phone=\u00a0\u00bb20px\u00a0\u00bb header_font_size_last_edited=\u00a0\u00bbon|phone\u00a0\u00bb button_text_color_hover=\u00a0\u00bb#ffffff\u00a0\u00bb button_border_color_hover=\u00a0\u00bbrgba(0,0,0,0)\u00a0\u00bb button_border_radius_hover=\u00a0\u00bb28px\u00a0\u00bb button_letter_spacing_hover=\u00a0\u00bb2px\u00a0\u00bb button_bg_color_hover=\u00a0\u00bbrgba(0,0,0,0.7)\u00a0\u00bb locked=\u00a0\u00bboff\u00a0\u00bb inline_fonts=\u00a0\u00bbArial\u00a0\u00bb button_text_size__hover_enabled=\u00a0\u00bboff\u00a0\u00bb button_one_text_size__hover_enabled=\u00a0\u00bboff\u00a0\u00bb button_two_text_size__hover_enabled=\u00a0\u00bboff\u00a0\u00bb button_text_color__hover_enabled=\u00a0\u00bbon\u00a0\u00bb button_text_color__hover=\u00a0\u00bbrgba(0,0,0,0)\u00a0\u00bb button_one_text_color__hover_enabled=\u00a0\u00bboff\u00a0\u00bb button_two_text_color__hover_enabled=\u00a0\u00bboff\u00a0\u00bb button_border_width__hover_enabled=\u00a0\u00bboff\u00a0\u00bb button_one_border_width__hover_enabled=\u00a0\u00bboff\u00a0\u00bb button_two_border_width__hover_enabled=\u00a0\u00bboff\u00a0\u00bb button_border_color__hover_enabled=\u00a0\u00bbon\u00a0\u00bb button_border_color__hover=\u00a0\u00bbrgba(0,0,0,0)\u00a0\u00bb button_one_border_color__hover_enabled=\u00a0\u00bboff\u00a0\u00bb button_two_border_color__hover_enabled=\u00a0\u00bboff\u00a0\u00bb button_border_radius__hover_enabled=\u00a0\u00bbon\u00a0\u00bb button_border_radius__hover=\u00a0\u00bb0px\u00a0\u00bb button_one_border_radius__hover_enabled=\u00a0\u00bboff\u00a0\u00bb button_two_border_radius__hover_enabled=\u00a0\u00bboff\u00a0\u00bb button_letter_spacing__hover_enabled=\u00a0\u00bbon\u00a0\u00bb button_letter_spacing__hover=\u00a0\u00bb2px\u00a0\u00bb button_one_letter_spacing__hover_enabled=\u00a0\u00bboff\u00a0\u00bb button_two_letter_spacing__hover_enabled=\u00a0\u00bboff\u00a0\u00bb button_bg_color__hover_enabled=\u00a0\u00bbon\u00a0\u00bb button_one_bg_color__hover_enabled=\u00a0\u00bboff\u00a0\u00bb button_two_bg_color__hover_enabled=\u00a0\u00bboff\u00a0\u00bb][\/et_pb_cta][\/et_pb_column][\/et_pb_row][et_pb_row _builder_version=\u00a0\u00bb3.25&Prime;][et_pb_column type=\u00a0\u00bb4_4&Prime; _builder_version=\u00a0\u00bb3.25&Prime; custom_padding=\u00a0\u00bb|||\u00a0\u00bb custom_padding__hover=\u00a0\u00bb|||\u00a0\u00bb][et_pb_text admin_label=\u00a0\u00bbTexte missions\u00a0\u00bb _builder_version=\u00a0\u00bb4.9.4&Prime; inline_fonts=\u00a0\u00bbArial\u00a0\u00bb]<\/p>\n<p style=\"font-weight: 400; text-align: center;\"><span style=\"color: #ffffff;\">Accompagner la galerie pour les Relations Publiques<\/span><\/p>\n<p class=\"p1\" style=\"text-align: center;\">[\/et_pb_text][et_pb_text admin_label=\u00a0\u00bbTexte missions\u00a0\u00bb _builder_version=\u00a0\u00bb3.27.4&Prime; inline_fonts=\u00a0\u00bbArial\u00a0\u00bb][\/et_pb_text][et_pb_text admin_label=\u00a0\u00bbTexte missions\u00a0\u00bb _builder_version=\u00a0\u00bb3.27.4&Prime; inline_fonts=\u00a0\u00bbArial\u00a0\u00bb][\/et_pb_text][\/et_pb_column][\/et_pb_row][\/et_pb_section]<\/p>\n","protected":false},"excerpt":{"rendered":"<p>\u00c9v\u00e9nement &#8212;&#8212;&#8212;&#8212;&#8212;&#8212;&#8212;&#8212;&#8212;&#8212;- UN DIMANCHE CULTUREL \u00c0 ROMAINVILLEPROGRAMMATION IN\u00c9DITE ET EXCLUSIVE Autour d&rsquo;un Brunch, \u00e0 la fois la d\u00e9couverte de la galerie, sa programmation 2025, et un incontournable dialogue cr\u00e9atif entre l\u2019artiste Alexander Ugay et la conservatrice, Elena Sorokina.\u00a0 Et le dimanche 16 mars 2025 de mani\u00e8re exceptionnelle les galeries de Komunuma \u00e0 Romainville \u00e9taient ouvertes [&hellip;]<\/p>\n","protected":false},"author":1,"featured_media":0,"parent":0,"menu_order":0,"comment_status":"closed","ping_status":"closed","template":"","meta":{"_et_pb_use_builder":"on","_et_pb_old_content":"","_et_gb_content_width":"","footnotes":""},"class_list":["post-4288","page","type-page","status-publish","hentry"],"_links":{"self":[{"href":"https:\/\/mariejacquier.com\/index.php\/wp-json\/wp\/v2\/pages\/4288","targetHints":{"allow":["GET"]}}],"collection":[{"href":"https:\/\/mariejacquier.com\/index.php\/wp-json\/wp\/v2\/pages"}],"about":[{"href":"https:\/\/mariejacquier.com\/index.php\/wp-json\/wp\/v2\/types\/page"}],"author":[{"embeddable":true,"href":"https:\/\/mariejacquier.com\/index.php\/wp-json\/wp\/v2\/users\/1"}],"replies":[{"embeddable":true,"href":"https:\/\/mariejacquier.com\/index.php\/wp-json\/wp\/v2\/comments?post=4288"}],"version-history":[{"count":5,"href":"https:\/\/mariejacquier.com\/index.php\/wp-json\/wp\/v2\/pages\/4288\/revisions"}],"predecessor-version":[{"id":4629,"href":"https:\/\/mariejacquier.com\/index.php\/wp-json\/wp\/v2\/pages\/4288\/revisions\/4629"}],"wp:attachment":[{"href":"https:\/\/mariejacquier.com\/index.php\/wp-json\/wp\/v2\/media?parent=4288"}],"curies":[{"name":"wp","href":"https:\/\/api.w.org\/{rel}","templated":true}]}}