{"id":3845,"date":"2024-03-31T14:30:35","date_gmt":"2024-03-31T12:30:35","guid":{"rendered":"https:\/\/mariejacquier.com\/?page_id=3845"},"modified":"2024-05-24T12:31:14","modified_gmt":"2024-05-24T10:31:14","slug":"chen-jialing","status":"publish","type":"page","link":"https:\/\/mariejacquier.com\/index.php\/chen-jialing\/","title":{"rendered":"CHEN JIALING"},"content":{"rendered":"<p>[et_pb_section fb_built=\u00a0\u00bb1&Prime; _builder_version=\u00a0\u00bb4.9.4&Prime; background_image=\u00a0\u00bbhttps:\/\/mariejacquier.com\/wp-content\/uploads\/2024\/03\/Rythme-matinal-de-la-riviere-Li-scaled.jpg\u00a0\u00bb parallax=\u00a0\u00bbon\u00a0\u00bb custom_padding=\u00a0\u00bb10px|0px|86px|0px|false|false\u00a0\u00bb][et_pb_row _builder_version=\u00a0\u00bb3.25&Prime; custom_padding=\u00a0\u00bb134px|40px|80px|40px|false|false\u00a0\u00bb animation_style=\u00a0\u00bbzoom\u00a0\u00bb animation_intensity_zoom=\u00a0\u00bb10%\u00a0\u00bb][et_pb_column type=\u00a0\u00bb4_4&Prime; _builder_version=\u00a0\u00bb3.25&Prime; custom_padding=\u00a0\u00bb|||\u00a0\u00bb custom_padding__hover=\u00a0\u00bb|||\u00a0\u00bb][et_pb_cta title=\u00a0\u00bbCHEN JIALING\u00a0\u00bb button_url=\u00a0\u00bb#top\u00a0\u00bb admin_label=\u00a0\u00bbHeader\u00a0\u00bb _builder_version=\u00a0\u00bb4.9.4&Prime; header_font=\u00a0\u00bbArial|600||on|||||\u00a0\u00bb header_text_color=\u00a0\u00bb#FFFFFF\u00a0\u00bb header_font_size=\u00a0\u00bb30px\u00a0\u00bb header_letter_spacing=\u00a0\u00bb5px\u00a0\u00bb header_line_height=\u00a0\u00bb1.4em\u00a0\u00bb body_font=\u00a0\u00bbOpen Sans|600|||||||\u00a0\u00bb body_font_size=\u00a0\u00bb16px\u00a0\u00bb body_line_height=\u00a0\u00bb1.8em\u00a0\u00bb use_background_color=\u00a0\u00bboff\u00a0\u00bb custom_button=\u00a0\u00bbon\u00a0\u00bb button_text_size=\u00a0\u00bb17px\u00a0\u00bb button_text_color=\u00a0\u00bb#ffffff\u00a0\u00bb button_bg_color=\u00a0\u00bbrgba(0,0,0,0)\u00a0\u00bb button_border_width=\u00a0\u00bb1px\u00a0\u00bb button_border_color=\u00a0\u00bb#ffffff\u00a0\u00bb button_border_radius=\u00a0\u00bb0px\u00a0\u00bb button_letter_spacing=\u00a0\u00bb4px\u00a0\u00bb button_font=\u00a0\u00bbArial|700||on|||||\u00a0\u00bb button_use_icon=\u00a0\u00bboff\u00a0\u00bb background_layout=\u00a0\u00bblight\u00a0\u00bb max_width=\u00a0\u00bb600px\u00a0\u00bb module_alignment=\u00a0\u00bbcenter\u00a0\u00bb custom_margin=\u00a0\u00bb50px|||\u00a0\u00bb custom_margin_tablet=\u00a0\u00bb0px|||\u00a0\u00bb custom_margin_phone=\u00a0\u00bb\u00a0\u00bb custom_margin_last_edited=\u00a0\u00bbon|tablet\u00a0\u00bb header_font_size_tablet=\u00a0\u00bb\u00a0\u00bb header_font_size_phone=\u00a0\u00bb20px\u00a0\u00bb header_font_size_last_edited=\u00a0\u00bbon|phone\u00a0\u00bb button_text_color_hover=\u00a0\u00bb#ffffff\u00a0\u00bb button_border_color_hover=\u00a0\u00bbrgba(0,0,0,0)\u00a0\u00bb button_border_radius_hover=\u00a0\u00bb28px\u00a0\u00bb button_letter_spacing_hover=\u00a0\u00bb2px\u00a0\u00bb button_bg_color_hover=\u00a0\u00bbrgba(0,0,0,0.7)\u00a0\u00bb locked=\u00a0\u00bboff\u00a0\u00bb inline_fonts=\u00a0\u00bbArial\u00a0\u00bb button_text_size__hover_enabled=\u00a0\u00bboff\u00a0\u00bb button_one_text_size__hover_enabled=\u00a0\u00bboff\u00a0\u00bb button_two_text_size__hover_enabled=\u00a0\u00bboff\u00a0\u00bb button_text_color__hover_enabled=\u00a0\u00bbon\u00a0\u00bb button_text_color__hover=\u00a0\u00bbrgba(0,0,0,0)\u00a0\u00bb button_one_text_color__hover_enabled=\u00a0\u00bboff\u00a0\u00bb button_two_text_color__hover_enabled=\u00a0\u00bboff\u00a0\u00bb button_border_width__hover_enabled=\u00a0\u00bboff\u00a0\u00bb button_one_border_width__hover_enabled=\u00a0\u00bboff\u00a0\u00bb button_two_border_width__hover_enabled=\u00a0\u00bboff\u00a0\u00bb button_border_color__hover_enabled=\u00a0\u00bbon\u00a0\u00bb button_border_color__hover=\u00a0\u00bbrgba(0,0,0,0)\u00a0\u00bb button_one_border_color__hover_enabled=\u00a0\u00bboff\u00a0\u00bb button_two_border_color__hover_enabled=\u00a0\u00bboff\u00a0\u00bb button_border_radius__hover_enabled=\u00a0\u00bbon\u00a0\u00bb button_border_radius__hover=\u00a0\u00bb0px\u00a0\u00bb button_one_border_radius__hover_enabled=\u00a0\u00bboff\u00a0\u00bb button_two_border_radius__hover_enabled=\u00a0\u00bboff\u00a0\u00bb button_letter_spacing__hover_enabled=\u00a0\u00bbon\u00a0\u00bb button_letter_spacing__hover=\u00a0\u00bb2px\u00a0\u00bb button_one_letter_spacing__hover_enabled=\u00a0\u00bboff\u00a0\u00bb button_two_letter_spacing__hover_enabled=\u00a0\u00bboff\u00a0\u00bb button_bg_color__hover_enabled=\u00a0\u00bbon\u00a0\u00bb button_one_bg_color__hover_enabled=\u00a0\u00bboff\u00a0\u00bb button_two_bg_color__hover_enabled=\u00a0\u00bboff\u00a0\u00bb][\/et_pb_cta][\/et_pb_column][\/et_pb_row][\/et_pb_section][et_pb_section fb_built=\u00a0\u00bb1&Prime; admin_label=\u00a0\u00bbJuice Categories Section\u00a0\u00bb _builder_version=\u00a0\u00bb3.22&Prime; custom_padding=\u00a0\u00bb60px|0px|60px|0px|false|false\u00a0\u00bb][et_pb_row _builder_version=\u00a0\u00bb3.25&Prime; custom_padding=\u00a0\u00bb25.5938px|0px|25px|0px|false|false\u00a0\u00bb][et_pb_column type=\u00a0\u00bb4_4&Prime; _builder_version=\u00a0\u00bb3.25&Prime; custom_padding=\u00a0\u00bb|||\u00a0\u00bb custom_padding__hover=\u00a0\u00bb|||\u00a0\u00bb][et_pb_text _builder_version=\u00a0\u00bb4.9.4&Prime; text_text_color=\u00a0\u00bb#000000&Prime; hover_enabled=\u00a0\u00bb0&Prime; inline_fonts=\u00a0\u00bbArial\u00a0\u00bb sticky_enabled=\u00a0\u00bb0&Prime;]<\/p>\n<p class=\"p1\" style=\"text-align: center;\"><em><span style=\"color: #010236; font-family: Arial; font-size: x-large;\">EXPOSITION<\/span><\/em><\/p>\n<p style=\"text-align: center;\"><span style=\"font-weight: normal;\">&#8212;&#8212;&#8212;&#8212;&#8212;&#8212;&#8212;&#8212;&#8212;&#8212;-<\/span><\/p>\n<div class=\"\">\n<div class=\"\"><\/div>\n<\/div>\n<div class=\"\">\n<div class=\"\">\n<div class=\"\">\n<div class=\"page\" title=\"Page 2\">\n<div class=\"section\">\n<div class=\"layoutArea\">\n<div class=\"column\"><\/div>\n<\/div>\n<\/div>\n<\/div>\n<\/div>\n<\/div>\n<\/div>\n<div class=\"\">\n<div class=\"\">\n<div class=\"page\" title=\"Page 2\">\n<div class=\"section\">\n<div class=\"layoutArea\">\n<div class=\"column\">\n<div class=\"\">\n<div class=\"page\" title=\"Page 2\">\n<div class=\"section\">\n<div class=\"layoutArea\">\n<div class=\"column\">\n<div class=\"\">\n<p><strong>Une vie au bord du fleuve, l\u2019art de Chen Jialing<\/strong><br \/>Du 5 au 21 avril 2024, au R\u00e9fectoire des Cordeliers, Paris<\/p>\n<p><strong>Pour sa toute premi\u00e8re exposition en France, le peintre chinois Chen Jialing pr\u00e9sentait un ensemble de peintures, c\u00e9ramiques et tapisseries in\u00e9dites, dont certaines ont \u00e9t\u00e9 cr\u00e9\u00e9es sp\u00e9cialement pour l\u2019occasion.<\/strong><\/p>\n<p>En \u00e9cho \u00e0 la g\u00e9ographie de Shanghai et de Paris, deux villes \u00e9tablies au bord de l\u2019eau (la Seine et le Suzhou), l\u2019exposition prenait pour th\u00e8me le fleuve. Elle mettait en sc\u00e8ne une quarantaine d\u2019\u0153uvres in\u00e9dites de l\u2019artiste, certaines produites \u00e0 la fin des ann\u00e9es 1990, et la plupart cr\u00e9\u00e9es pour l\u2019exposition. Tableaux polyptyques, peintures \u00e0 l\u2019encre, calligraphies, tapisseries en fils de soie et \u0153uvres c\u00e9ramiques, aux dimensions souvent spectaculaires, investissaient le lieu patrimonial des Cordeliers.<\/p>\n<p>Une vie au bord du fleuve, le titre de l\u2019exposition imagin\u00e9e par les curatrices Cao Dan et He Jing, avec le conseil scientifique d\u2019\u00c9ric Lefebvre (directeur du mus\u00e9e Cernuschi), a \u00e9voqu\u00e9 une existence tout enti\u00e8re consacr\u00e9e \u00e0 la peinture \u00e0 l\u2019encre et au voyage comme source d\u2019inspiration. \u00abL\u2019homme de bien aime les montagnes, le sage aime l\u2019eau \u00bb : r\u00e9p\u00e9t\u00e9e depuis des si\u00e8cles par les lettr\u00e9s et les penseurs chinois, cette phrase de Confucius exprime les signifi- cations culturelles \u00e9manant de \u00abl\u2019eau\u00bb et des \u00abmontagnes\u00bb. Dans la tradition chinoise, l\u2019eau est une m\u00e9taphore de la beaut\u00e9 dans son absolu, par sa fluidit\u00e9 et son absence de forme. Elle rev\u00eat des significations culturelles subtiles et a toujours \u00e9t\u00e9 l\u2019objectif esth\u00e9tique ultime poursuivi par les peintres chinois. La peinture \u00e0 l\u2019encre, proc\u00e9d\u00e9 qui utilise l\u2019eau comme \u00e9l\u00e9ment central, est n\u00e9e d\u2019une telle vision du monde fond\u00e9e sur le flux et le changement.<\/p>\n<p>L\u2019exposition introduisait les \u00ab trois transmutations de l\u2019eau, du feu et de la soie \u00bb pr\u00e9sentes dans l\u2019\u0153uvre de Chen Jialing : peintures \u00e0 l\u2019encre, \u0153uvres c\u00e9ramiques et tapisseries en fils de soie occupent l\u2019espace monumental des Cordeliers, sc\u00e9nographi\u00e9 par Pascal Rodriguez. L\u2019esth\u00e9tique de la transformation est l\u2019essence m\u00eame de l\u2019art et de la pens\u00e9e chinois. Dans L\u2019Eau et les R\u00eaves, le philosophe Gaston Bachelard (1884-1962) \u00e9voque l\u2019eau comme une entit\u00e9 vivante, faisant \u00e9cho \u00e0 la pens\u00e9e chinoise ancienne. Se m\u00ealant \u00e0 l\u2019encre pour recr\u00e9er le paysage, transportant les hommes et les cultures: toujours, l\u2019eau \u00e9voque le flux incessant de la vie, porteuse immat\u00e9rielle d\u2019une profondeur culturelle et historique.<\/p>\n<p>L\u2019exposition s\u2019est tenue dans le cadre du 60e anniversaire des relations diplomatiques entre la France et la Chine. Organis\u00e9e par la Shanghai International Culture Association (Sica), elle pr\u00e9sentait, pour la premi\u00e8re fois en France, l\u2019\u0153uvre spectaculaire d\u2019une figure contemporaine de l\u2019\u00c9cole de Shanghai, en parall\u00e8le d\u2019Art Paris.<\/p>\n<\/div>\n<\/div>\n<\/div>\n<\/div>\n<\/div>\n<\/div>\n<\/div>\n<\/div>\n<\/div>\n<\/div>\n<\/div>\n<\/div>\n<p>[\/et_pb_text][et_pb_text _builder_version=\u00a0\u00bb4.9.4&Prime; text_text_color=\u00a0\u00bb#000000&Prime; inline_fonts=\u00a0\u00bbArial\u00a0\u00bb disabled_on=\u00a0\u00bbon|on|on\u00a0\u00bb disabled=\u00a0\u00bbon\u00a0\u00bb]<\/p>\n<p class=\"p1\" style=\"text-align: center;\"><em><span style=\"color: #010236; font-family: Arial; font-size: x-large;\">EXPOSITION<\/span><\/em><\/p>\n<p style=\"text-align: center;\"><span style=\"font-weight: normal;\">&#8212;&#8212;&#8212;&#8212;&#8212;&#8212;&#8212;&#8212;&#8212;&#8212;-<\/span><\/p>\n<div class=\"\">\n<div class=\"\"><\/div>\n<\/div>\n<div class=\"\"><\/div>\n<div class=\"\"><\/div>\n<div class=\"\">\n<div class=\"\">\n<div class=\"page\" title=\"Page 2\">\n<div class=\"section\">\n<div class=\"layoutArea\">\n<div class=\"column\">\n<p class=\"\"><b class=\"\"><span class=\"\" style=\"font-family: Helvetica; font-size: large;\"><i class=\"\">Une vie au\u00a0bord du fleuve, l\u2019art de Chen Jialing<\/i><\/span><\/b><\/p>\n<div class=\"\"><span class=\"\" style=\"font-family: Helvetica; font-size: large;\">Du 5 au 21 avril 2024, au R\u00e9fectoire des Cordeliers, Paris\u00a0<\/span><\/div>\n<div class=\"\"><span class=\"\" style=\"font-family: Helvetica; font-size: large;\"><b class=\"\"><\/b><\/span><\/div>\n<div class=\"\"><span class=\"\" style=\"font-family: Helvetica; font-size: large;\"><b class=\"\">Pour sa toute premie\u0300re exposition en France, le peintre chinois Chen Jialing pre\u0301sente un ensemble de peintures, ce\u0301ramiques et tapisseries ine\u0301dites, dont certaines ont e\u0301te\u0301 cre\u0301e\u0301es spe\u0301cialement pour l\u2019occasion.\u00a0<\/b><\/span><\/div>\n<\/div>\n<\/div>\n<\/div>\n<\/div>\n<\/div>\n<div class=\"\">\n<div class=\"page\" title=\"Page 2\">\n<div class=\"section\">\n<div class=\"layoutArea\">\n<div class=\"column\">\n<p class=\"\"><span class=\"\" style=\"font-family: Helvetica; font-size: large;\">En e\u0301cho a\u0300 la ge\u0301ographie de Shanghai et de Paris, deux villes e\u0301tablies au bord de l\u2019eau (la Seine et le Suzhou), l\u2019exposition prend pour the\u0300me le fleuve. Elle met en sce\u0300ne une quarantaine d\u2019\u0153uvres ine\u0301dites de l\u2019artiste, certaines produites a\u0300 la fin des anne\u0301es 1990, et la plupart cre\u0301e\u0301es pour l\u2019exposition. Tableaux polyptyques, peintures a\u0300 l\u2019encre, calligraphies, tapisseries en fils de soie et \u0153uvres ce\u0301ramiques, aux dimensions souvent spectaculaires, investissent le lieu patrimonial des Cordeliers.<\/span><\/p>\n<p class=\"\"><span class=\"\" style=\"font-family: Helvetica;\">Une vie au bord du fleuve<\/span><span style=\"font-family: Helvetica; font-size: large;\">, le titre de l\u2019exposition imagine\u0301e par les curatrices Cao Dan et He Jing, avec le conseil scientifique d\u2019E\u0301ric Lefebvre (directeur du muse\u0301e Cernuschi), e\u0301voque une existence tout entie\u0300re consacre\u0301e a\u0300 la peinture a\u0300 l\u2019encre et au voyage comme source d\u2019inspiration. <\/span><span class=\"\" style=\"font-family: Helvetica;\">\u00abL\u2019homme de bien aime les montagnes, le sage aime l\u2019eau \u00bb <\/span><span style=\"font-family: Helvetica; font-size: large;\">: re\u0301pe\u0301te\u0301e depuis des sie\u0300cles par les lettre\u0301s et les penseurs chinois, cette phrase de Confucius exprime les signifi- cations culturelles e\u0301manant de \u00abl\u2019eau\u00bb et des \u00abmontagnes\u00bb. Dans la tradition chinoise, l\u2019eau est une me\u0301taphore de la beaute\u0301 dans son absolu, par sa fluidite\u0301 et son absence de forme. Elle re- ve\u0302t des significations culturelles subtiles et a toujours e\u0301te\u0301 l\u2019objectif esthe\u0301tique ultime poursuivi par les peintres chinois. La peinture a\u0300 l\u2019encre, proce\u0301de\u0301 qui utilise l\u2019eau comme e\u0301le\u0301ment central, est ne\u0301e d\u2019une telle vision du monde fonde\u0301e sur le flux et le changement.<\/span><\/p>\n<p class=\"\"><span style=\"font-family: Helvetica; font-size: large;\">L\u2019exposition introduit les \u00ab trois transmutations de l\u2019eau, du feu et de la soie \u00bb pre\u0301sentes dans l\u2019\u0153uvre de Chen Jialing : peintures a\u0300 l\u2019encre, \u0153uvres ce\u0301ramiques et tapisseries en fils de soie occupent l\u2019espace monumental des Cordeliers, sce\u0301nographie\u0301 par Pascal Rodriguez. L\u2019esthe\u0301tique de la transformation est l\u2019essence me\u0302me de l\u2019art et de la pense\u0301e chinois. Dans <\/span><span class=\"\" style=\"font-family: Helvetica;\">L\u2019Eau et les Re\u0302ves<\/span><span style=\"font-family: Helvetica; font-size: large;\">, le philo- sophe Gaston Bachelard (1884-1962) e\u0301voque l\u2019eau comme une entite\u0301 vivante, faisant e\u0301cho a\u0300 la pense\u0301e chinoise ancienne. Se me\u0302- lant a\u0300 l\u2019encre pour recre\u0301er le paysage, transportant les hommes et les cultures: toujours, l\u2019eau e\u0301voque le flux incessant de la vie, porteuse immate\u0301rielle d\u2019une profondeur culturelle et historique.<\/span><\/p>\n<p class=\"\"><span style=\"font-family: Helvetica; font-size: large;\">L\u2019exposition se tient dans le cadre du 60<\/span><span class=\"\" style=\"font-family: Helvetica;\">e <\/span><span style=\"font-family: Helvetica; font-size: large;\">anniversaire des relations diplomatiques entre la France et la Chine. Organise\u0301e par la Shanghai International Culture Association (Sica), elle pre\u0301sente, pour la premie\u0300re fois en France, l\u2019\u0153uvre spectaculaire d\u2019une figure contemporaine de l\u2019E\u0301cole de Shanghai, en paralle\u0300le d\u2019Art Paris. <\/span><\/p>\n<p class=\"\"><span style=\"font-family: Helvetica; font-size: large;\"><\/span><\/p>\n<p><strong><span style=\"font-family: Helvetica; font-size: large;\">Commaissaires d\u2019exposition <\/span><\/strong><span class=\"\" style=\"font-family: Helvetica;\"><strong>:<\/strong> Cao Dan, He Jing \u00a0<\/span><\/p>\n<\/div>\n<div class=\"column\"><span class=\"\" style=\"font-family: Helvetica; font-size: large;\"><strong>Conseiller scientifique <\/strong><span class=\"\"><strong>:<\/strong> E\u0301ric Lefebvre\u00a0<\/span><\/span><\/div>\n<div class=\"column\"><strong><span class=\"\">Sce\u0301nographie <\/span><\/strong><span class=\"\"><strong>:<\/strong> Pascal Rodriguez<\/span><\/div>\n<div class=\"column\"><span class=\"\" style=\"font-family: Helvetica; font-size: large;\"><strong>Conception graphique <\/strong><span class=\"\"><strong>:<\/strong> Yang Linqing<\/span><\/span><\/div>\n<div class=\"column\"><span class=\"\" style=\"font-family: Helvetica; font-size: large;\"><strong>Pe\u0301riode d\u2019exposition <\/strong><span class=\"\"><strong>:<\/strong> Du 5 avril 2024 au 21 avril 2024\u00a0<\/span><\/span><\/div>\n<div class=\"column\"><span class=\"\" style=\"font-family: Helvetica; font-size: large;\"><strong>Vernissage <\/strong><span class=\"\"><strong>:<\/strong> 5 avril 2024, 16h30-20h30<\/span><\/span><\/div>\n<div class=\"column\">\n<div class=\"\">\n<div class=\"page\" title=\"Page 2\">\n<div class=\"section\">\n<div class=\"layoutArea\">\n<div class=\"column\">\n<div class=\"page\" title=\"Page 19\">\n<div class=\"section\">\n<div class=\"layoutArea\">\n<div class=\"column\"><span class=\"\" style=\"font-family: Helvetica; font-size: large;\"><span class=\"\"><\/span><\/span><\/div>\n<div class=\"column\"><span class=\"\" style=\"font-family: Helvetica; font-size: large;\"><span class=\"\">Re\u0301fectoire des Cordeliers<br class=\"\" \/>15, rue de l\u2019E\u0301cole de Me\u0301decine, 75006 Paris<\/span><\/span><\/div>\n<div class=\"column\"><span class=\"\"><\/span><\/div>\n<div class=\"column\"><span class=\"\">Tous les jours de 10h a\u0300 18h\u00a0<\/span><\/div>\n<div class=\"column\">\n<div class=\"\"><span class=\"\" style=\"font-family: Helvetica; font-size: large;\"><\/span><\/div>\n<div class=\"\"><span class=\"\" style=\"font-family: Helvetica; font-size: large;\">Programme de rencontres et m\u00e9diation, catalogue en vente sur place<\/span><\/div>\n<p><span class=\"\"><span class=\"\" style=\"font-family: Helvetica; font-size: large;\"><\/span><\/span><\/p>\n<\/div>\n<div class=\"column\"><span class=\"\"><span class=\"\" style=\"font-family: Helvetica; font-size: large;\"><\/span><\/span><\/div>\n<div class=\"column\"><span class=\"\"><span class=\"\" style=\"font-family: Helvetica; font-size: large;\">Entre\u0301e libre<\/span><\/span><\/div>\n<\/div>\n<\/div>\n<\/div>\n<div class=\"\">Avec\u00a0<a href=\"http:\/\/www.communicart.fr\/\" class=\"\">www.communicart.fr<\/a>, Doors Art and Culture Agency<\/div>\n<\/div>\n<\/div>\n<\/div>\n<\/div>\n<\/div>\n<\/div>\n<\/div>\n<\/div>\n<\/div>\n<\/div>\n<\/div>\n<p>[\/et_pb_text][\/et_pb_column][\/et_pb_row][\/et_pb_section][et_pb_section fb_built=\u00a0\u00bb1&Prime; _builder_version=\u00a0\u00bb3.22&Prime; background_image=\u00a0\u00bbhttps:\/\/mariejacquier.com\/wp-content\/uploads\/2018\/12\/MARIEJACQUIER_agence.jpg\u00a0\u00bb parallax=\u00a0\u00bbon\u00a0\u00bb custom_padding=\u00a0\u00bb10px|0px|65px|0px|false|false\u00a0\u00bb][et_pb_row _builder_version=\u00a0\u00bb3.25&Prime; custom_padding=\u00a0\u00bb64px|40px|0|40px|false|false\u00a0\u00bb animation_style=\u00a0\u00bbzoom\u00a0\u00bb animation_intensity_zoom=\u00a0\u00bb10%\u00a0\u00bb][et_pb_column type=\u00a0\u00bb4_4&Prime; _builder_version=\u00a0\u00bb3.25&Prime; custom_padding=\u00a0\u00bb|||\u00a0\u00bb custom_padding__hover=\u00a0\u00bb|||\u00a0\u00bb][et_pb_cta title=\u00a0\u00bbNOS missions\u00a0\u00bb button_url=\u00a0\u00bb#top\u00a0\u00bb admin_label=\u00a0\u00bbNos missions\u00a0\u00bb _builder_version=\u00a0\u00bb3.18.7&Prime; header_font=\u00a0\u00bbArial|600||on|||||\u00a0\u00bb header_text_color=\u00a0\u00bb#ffffff\u00a0\u00bb header_font_size=\u00a0\u00bb30px\u00a0\u00bb header_letter_spacing=\u00a0\u00bb5px\u00a0\u00bb header_line_height=\u00a0\u00bb1.4em\u00a0\u00bb body_font=\u00a0\u00bbOpen Sans|600|||||||\u00a0\u00bb body_font_size=\u00a0\u00bb16px\u00a0\u00bb body_line_height=\u00a0\u00bb1.8em\u00a0\u00bb use_background_color=\u00a0\u00bboff\u00a0\u00bb custom_button=\u00a0\u00bbon\u00a0\u00bb button_text_size=\u00a0\u00bb17px\u00a0\u00bb button_text_color=\u00a0\u00bb#ffffff\u00a0\u00bb button_bg_color=\u00a0\u00bbrgba(0,0,0,0)\u00a0\u00bb button_border_width=\u00a0\u00bb1px\u00a0\u00bb button_border_color=\u00a0\u00bb#ffffff\u00a0\u00bb button_border_radius=\u00a0\u00bb0px\u00a0\u00bb button_letter_spacing=\u00a0\u00bb4px\u00a0\u00bb button_font=\u00a0\u00bbArial|700||on|||||\u00a0\u00bb button_use_icon=\u00a0\u00bboff\u00a0\u00bb background_layout=\u00a0\u00bblight\u00a0\u00bb max_width=\u00a0\u00bb600px\u00a0\u00bb module_alignment=\u00a0\u00bbcenter\u00a0\u00bb custom_margin=\u00a0\u00bb50px|||\u00a0\u00bb custom_margin_tablet=\u00a0\u00bb0px|||\u00a0\u00bb custom_margin_phone=\u00a0\u00bb\u00a0\u00bb custom_margin_last_edited=\u00a0\u00bbon|tablet\u00a0\u00bb header_font_size_tablet=\u00a0\u00bb\u00a0\u00bb header_font_size_phone=\u00a0\u00bb20px\u00a0\u00bb header_font_size_last_edited=\u00a0\u00bbon|phone\u00a0\u00bb button_text_color_hover=\u00a0\u00bb#ffffff\u00a0\u00bb button_border_color_hover=\u00a0\u00bbrgba(0,0,0,0)\u00a0\u00bb button_border_radius_hover=\u00a0\u00bb28px\u00a0\u00bb button_letter_spacing_hover=\u00a0\u00bb2px\u00a0\u00bb button_bg_color_hover=\u00a0\u00bbrgba(0,0,0,0.7)\u00a0\u00bb locked=\u00a0\u00bboff\u00a0\u00bb inline_fonts=\u00a0\u00bbArial\u00a0\u00bb button_text_size__hover_enabled=\u00a0\u00bboff\u00a0\u00bb button_one_text_size__hover_enabled=\u00a0\u00bboff\u00a0\u00bb button_two_text_size__hover_enabled=\u00a0\u00bboff\u00a0\u00bb button_text_color__hover_enabled=\u00a0\u00bbon\u00a0\u00bb button_text_color__hover=\u00a0\u00bbrgba(0,0,0,0)\u00a0\u00bb button_one_text_color__hover_enabled=\u00a0\u00bboff\u00a0\u00bb button_two_text_color__hover_enabled=\u00a0\u00bboff\u00a0\u00bb button_border_width__hover_enabled=\u00a0\u00bboff\u00a0\u00bb button_one_border_width__hover_enabled=\u00a0\u00bboff\u00a0\u00bb button_two_border_width__hover_enabled=\u00a0\u00bboff\u00a0\u00bb button_border_color__hover_enabled=\u00a0\u00bbon\u00a0\u00bb button_border_color__hover=\u00a0\u00bbrgba(0,0,0,0)\u00a0\u00bb button_one_border_color__hover_enabled=\u00a0\u00bboff\u00a0\u00bb button_two_border_color__hover_enabled=\u00a0\u00bboff\u00a0\u00bb button_border_radius__hover_enabled=\u00a0\u00bbon\u00a0\u00bb button_border_radius__hover=\u00a0\u00bb0px\u00a0\u00bb button_one_border_radius__hover_enabled=\u00a0\u00bboff\u00a0\u00bb button_two_border_radius__hover_enabled=\u00a0\u00bboff\u00a0\u00bb button_letter_spacing__hover_enabled=\u00a0\u00bbon\u00a0\u00bb button_letter_spacing__hover=\u00a0\u00bb2px\u00a0\u00bb button_one_letter_spacing__hover_enabled=\u00a0\u00bboff\u00a0\u00bb button_two_letter_spacing__hover_enabled=\u00a0\u00bboff\u00a0\u00bb button_bg_color__hover_enabled=\u00a0\u00bbon\u00a0\u00bb button_one_bg_color__hover_enabled=\u00a0\u00bboff\u00a0\u00bb button_two_bg_color__hover_enabled=\u00a0\u00bboff\u00a0\u00bb][\/et_pb_cta][\/et_pb_column][\/et_pb_row][et_pb_row _builder_version=\u00a0\u00bb3.25&Prime;][et_pb_column type=\u00a0\u00bb4_4&Prime; _builder_version=\u00a0\u00bb3.25&Prime; custom_padding=\u00a0\u00bb|||\u00a0\u00bb custom_padding__hover=\u00a0\u00bb|||\u00a0\u00bb][et_pb_text admin_label=\u00a0\u00bbTexte missions\u00a0\u00bb _builder_version=\u00a0\u00bb4.9.4&Prime; inline_fonts=\u00a0\u00bbArial\u00a0\u00bb]<\/p>\n<p class=\"p1\" style=\"text-align: center;\">\n<p class=\"p1\" style=\"text-align: center;\">\n<p>[\/et_pb_text][et_pb_text admin_label=\u00a0\u00bbTexte missions\u00a0\u00bb _builder_version=\u00a0\u00bb4.9.4&Prime; text_text_color=\u00a0\u00bb#FFFFFF\u00a0\u00bb text_font_size=\u00a0\u00bb20px\u00a0\u00bb inline_fonts=\u00a0\u00bbArial\u00a0\u00bb]<\/p>\n<p class=\"p1\" style=\"text-align: center;\"><span>Communication, coordination presse, partenariats m\u00e9dia\u00a0<\/span><\/p>\n<p>[\/et_pb_text][et_pb_text admin_label=\u00a0\u00bbTexte missions\u00a0\u00bb _builder_version=\u00a0\u00bb3.27.4&Prime; inline_fonts=\u00a0\u00bbArial\u00a0\u00bb][\/et_pb_text][et_pb_text admin_label=\u00a0\u00bbTexte missions\u00a0\u00bb _builder_version=\u00a0\u00bb3.27.4&Prime; inline_fonts=\u00a0\u00bbArial\u00a0\u00bb][\/et_pb_text][\/et_pb_column][\/et_pb_row][\/et_pb_section]<\/p>\n","protected":false},"excerpt":{"rendered":"<p>EXPOSITION &#8212;&#8212;&#8212;&#8212;&#8212;&#8212;&#8212;&#8212;&#8212;&#8212;- Une vie au bord du fleuve, l\u2019art de Chen JialingDu 5 au 21 avril 2024, au R\u00e9fectoire des Cordeliers, Paris Pour sa toute premi\u00e8re exposition en France, le peintre chinois Chen Jialing pr\u00e9sentait un ensemble de peintures, c\u00e9ramiques et tapisseries in\u00e9dites, dont certaines ont \u00e9t\u00e9 cr\u00e9\u00e9es sp\u00e9cialement pour l\u2019occasion. En \u00e9cho \u00e0 la [&hellip;]<\/p>\n","protected":false},"author":1,"featured_media":0,"parent":0,"menu_order":0,"comment_status":"closed","ping_status":"closed","template":"","meta":{"_et_pb_use_builder":"on","_et_pb_old_content":"","_et_gb_content_width":"","footnotes":""},"class_list":["post-3845","page","type-page","status-publish","hentry"],"_links":{"self":[{"href":"https:\/\/mariejacquier.com\/index.php\/wp-json\/wp\/v2\/pages\/3845","targetHints":{"allow":["GET"]}}],"collection":[{"href":"https:\/\/mariejacquier.com\/index.php\/wp-json\/wp\/v2\/pages"}],"about":[{"href":"https:\/\/mariejacquier.com\/index.php\/wp-json\/wp\/v2\/types\/page"}],"author":[{"embeddable":true,"href":"https:\/\/mariejacquier.com\/index.php\/wp-json\/wp\/v2\/users\/1"}],"replies":[{"embeddable":true,"href":"https:\/\/mariejacquier.com\/index.php\/wp-json\/wp\/v2\/comments?post=3845"}],"version-history":[{"count":4,"href":"https:\/\/mariejacquier.com\/index.php\/wp-json\/wp\/v2\/pages\/3845\/revisions"}],"predecessor-version":[{"id":3899,"href":"https:\/\/mariejacquier.com\/index.php\/wp-json\/wp\/v2\/pages\/3845\/revisions\/3899"}],"wp:attachment":[{"href":"https:\/\/mariejacquier.com\/index.php\/wp-json\/wp\/v2\/media?parent=3845"}],"curies":[{"name":"wp","href":"https:\/\/api.w.org\/{rel}","templated":true}]}}