{"id":3647,"date":"2024-01-26T18:16:04","date_gmt":"2024-01-26T17:16:04","guid":{"rendered":"https:\/\/mariejacquier.com\/?page_id=3647"},"modified":"2024-05-24T12:27:47","modified_gmt":"2024-05-24T10:27:47","slug":"galerie-larock-granoff","status":"publish","type":"page","link":"https:\/\/mariejacquier.com\/index.php\/galerie-larock-granoff\/","title":{"rendered":"GALERIE LAROCK-GRANOFF"},"content":{"rendered":"<p>[et_pb_section fb_built=&#8221;1&#8243; _builder_version=&#8221;4.9.4&#8243; background_image=&#8221;https:\/\/mariejacquier.com\/wp-content\/uploads\/2024\/01\/PHOTO1-4.jpeg&#8221; parallax=&#8221;on&#8221; custom_padding=&#8221;10px|0px|86px|0px|false|false&#8221;][et_pb_row _builder_version=&#8221;3.25&#8243; custom_padding=&#8221;134px|40px|80px|40px|false|false&#8221; animation_style=&#8221;zoom&#8221; animation_intensity_zoom=&#8221;10%&#8221;][et_pb_column type=&#8221;4_4&#8243; _builder_version=&#8221;3.25&#8243; custom_padding=&#8221;|||&#8221; custom_padding__hover=&#8221;|||&#8221;][et_pb_cta title=&#8221;GALERIE LAROCK-GRANOFF&#8221; button_url=&#8221;#top&#8221; admin_label=&#8221;Header&#8221; _builder_version=&#8221;4.9.4&#8243; header_font=&#8221;Arial|600||on|||||&#8221; header_text_color=&#8221;#ffffff&#8221; header_font_size=&#8221;30px&#8221; header_letter_spacing=&#8221;5px&#8221; header_line_height=&#8221;1.4em&#8221; body_font=&#8221;Open Sans|600|||||||&#8221; body_font_size=&#8221;16px&#8221; body_line_height=&#8221;1.8em&#8221; use_background_color=&#8221;off&#8221; custom_button=&#8221;on&#8221; button_text_size=&#8221;17px&#8221; button_text_color=&#8221;#ffffff&#8221; button_bg_color=&#8221;rgba(0,0,0,0)&#8221; button_border_width=&#8221;1px&#8221; button_border_color=&#8221;#ffffff&#8221; button_border_radius=&#8221;0px&#8221; button_letter_spacing=&#8221;4px&#8221; button_font=&#8221;Arial|700||on|||||&#8221; button_use_icon=&#8221;off&#8221; background_layout=&#8221;light&#8221; max_width=&#8221;600px&#8221; module_alignment=&#8221;center&#8221; custom_margin=&#8221;50px|||&#8221; custom_margin_tablet=&#8221;0px|||&#8221; custom_margin_phone=&#8221;&#8221; custom_margin_last_edited=&#8221;on|tablet&#8221; header_font_size_tablet=&#8221;&#8221; header_font_size_phone=&#8221;20px&#8221; header_font_size_last_edited=&#8221;on|phone&#8221; button_text_color_hover=&#8221;#ffffff&#8221; button_border_color_hover=&#8221;rgba(0,0,0,0)&#8221; button_border_radius_hover=&#8221;28px&#8221; button_letter_spacing_hover=&#8221;2px&#8221; button_bg_color_hover=&#8221;rgba(0,0,0,0.7)&#8221; locked=&#8221;off&#8221; inline_fonts=&#8221;Arial&#8221; button_text_size__hover_enabled=&#8221;off&#8221; button_one_text_size__hover_enabled=&#8221;off&#8221; button_two_text_size__hover_enabled=&#8221;off&#8221; button_text_color__hover_enabled=&#8221;on&#8221; button_text_color__hover=&#8221;rgba(0,0,0,0)&#8221; button_one_text_color__hover_enabled=&#8221;off&#8221; button_two_text_color__hover_enabled=&#8221;off&#8221; button_border_width__hover_enabled=&#8221;off&#8221; button_one_border_width__hover_enabled=&#8221;off&#8221; button_two_border_width__hover_enabled=&#8221;off&#8221; button_border_color__hover_enabled=&#8221;on&#8221; button_border_color__hover=&#8221;rgba(0,0,0,0)&#8221; button_one_border_color__hover_enabled=&#8221;off&#8221; button_two_border_color__hover_enabled=&#8221;off&#8221; button_border_radius__hover_enabled=&#8221;on&#8221; button_border_radius__hover=&#8221;0px&#8221; button_one_border_radius__hover_enabled=&#8221;off&#8221; button_two_border_radius__hover_enabled=&#8221;off&#8221; button_letter_spacing__hover_enabled=&#8221;on&#8221; button_letter_spacing__hover=&#8221;2px&#8221; button_one_letter_spacing__hover_enabled=&#8221;off&#8221; button_two_letter_spacing__hover_enabled=&#8221;off&#8221; button_bg_color__hover_enabled=&#8221;on&#8221; button_one_bg_color__hover_enabled=&#8221;off&#8221; button_two_bg_color__hover_enabled=&#8221;off&#8221;][\/et_pb_cta][\/et_pb_column][\/et_pb_row][\/et_pb_section][et_pb_section fb_built=&#8221;1&#8243; admin_label=&#8221;Juice Categories Section&#8221; _builder_version=&#8221;3.22&#8243; custom_padding=&#8221;60px|0px|60px|0px|false|false&#8221;][et_pb_row _builder_version=&#8221;3.25&#8243; custom_padding=&#8221;25.5938px|0px|25px|0px|false|false&#8221;][et_pb_column type=&#8221;4_4&#8243; _builder_version=&#8221;3.25&#8243; custom_padding=&#8221;|||&#8221; custom_padding__hover=&#8221;|||&#8221;][et_pb_text _builder_version=&#8221;4.9.4&#8243; text_text_color=&#8221;#000000&#8243; hover_enabled=&#8221;0&#8243; inline_fonts=&#8221;Arial&#8221; sticky_enabled=&#8221;0&#8243;]<\/p>\n<p style=\"text-align: center;\">Galerie<br \/>&#8212;&#8212;&#8212;&#8212;&#8212;&#8212;&#8212;&#8212;&#8212;&#8212;-<\/p>\n<p><strong>En 2024, la galerie f\u00eate ses 100 ans avec une programmation d\u2019expositions pr\u00e9sentant les iconiques, Chagall, les femmes peintres soutenues par la fondatrice Katia Granoff et des artistes contemporaines. Une exposition collective en septembre et la sortie en octobre d\u2019un beau livre retra\u00e7ant le parcours de cette femme visionnaire.<\/strong><\/p>\n<p>Fond\u00e9e en 1924 par Katia Granoff, l\u2019une des premi\u00e8res femmes galeristes, la galerie Larock- Granoff, situ\u00e9e 13 quai de Conti \u00e0 Paris, est une institution pr\u00e9sentant des artistes tr\u00e8s vari\u00e9s d\u2019art contemporain, de jeunes artistes, mais aussi de l\u2019art moderne, impressionniste et premier.<\/p>\n<p>Elle est reconnue pour des artistes tels que Monet, Laprade ou encore Chagall d\u00e9couverts par sa fondatrice Katia Granoff et dont la galerie poss\u00e8de et expose encore des \u0153uvres. Elle d\u00e9fend \u00e9galement des artistes ayant forg\u00e9 l\u2019histoire des arts du XXe et XXIe si\u00e8cles, tels que Mir\u00f3, Ozenfant, Messagier, Appel, Devade.<\/p>\n<p>Suite au coup de c\u0153ur de Katia Granoff, dans les ann\u00e9es 50, pour l\u2019impressionnisme normand et l\u2019\u00e9cole de Rouen, la galerie poss\u00e8de \u00e9galement une succursale \u00e0 Honfleur sur le vieux bassin. La galerie y pr\u00e9sente des \u0153uvres de cette p\u00e9riode phare ainsi que celles d\u2019artistes contemporains en alternance avec Paris afin d\u2019\u00e9largir leur diffusion.<\/p>\n<p>2024 marque le centi\u00e8me anniversaire de la Galerie Larock-Granoff, ce qui en fait la plus ancienne galerie familiale parisienne encore en activit\u00e9. Depuis 2019, elle est tenue par \u00c9douard Larock, l\u2019arri\u00e8re-petit-neveu de Katia Granoff, Marc Larock et Gabrielle Larock.<\/p>\n<p>Galerie Larock-Granoff\u00a0<br \/>13 quai de Conti\u00a0<br \/>75006 Paris\u00a0\u00a0<\/p>\n<p>[\/et_pb_text][et_pb_text disabled_on=&#8221;on|on|on&#8221; _builder_version=&#8221;4.9.4&#8243; text_text_color=&#8221;#000000&#8243; disabled=&#8221;on&#8221; inline_fonts=&#8221;Arial&#8221;]<\/p>\n<p class=\"p1\" style=\"text-align: center;\"><em><span style=\"color: #010236; font-family: Arial; font-size: x-large;\">Galerie<\/span><\/em><\/p>\n<p style=\"text-align: center;\">&#8212;&#8212;&#8212;&#8212;&#8212;&#8212;&#8212;&#8212;&#8212;&#8212;-<\/p>\n<div class=\"\"><strong>En 2024, la galerie f\u00eate ses 100 ans avec une programmation d\u2019expositions pr\u00e9sentant les iconiques, Corsia, Chagall, les femmes peintres soutenues par la fondatrice Katia Granoff\u2026\u00a0<\/strong><\/div>\n<div class=\"\"><strong>Et des pr\u00e9sentations plus contemporaines, Roland Toupet, jeune artiste dessinateur, \u00a0du 8 au 30 mars 2024, dans le cadre de Drawing Now et du Salon du Dessin.\u00a0<\/strong><\/div>\n<div class=\"\"><span class=\"\">\u00a0<\/span><\/div>\n<div class=\"\"><span class=\"\">Fonde\u0301e en 1924 par Katia Granoff, l&#8217;une des premie\u0300res femmes galeristes, la galerie Larock- Granoff, situe\u0301e 13 quai de Conti a\u0300 Paris, est une institution pre\u0301sentant des artistes tre\u0300s varie\u0301s d&#8217;art contemporain, de jeunes artistes, mais aussi de l&#8217;art moderne, impressionniste et premier.<\/span><\/div>\n<div class=\"\">\n<div class=\"page\" title=\"Page 4\">\n<div class=\"section\">\n<div class=\"layoutArea\">\n<div class=\"column\">\n<p class=\"\"><span class=\"\">Elle est reconnue pour des artistes tels que Monet, Laprade ou encore Chagall de\u0301couverts par sa fondatrice Katia Granoff et dont la galerie posse\u0300de et expose encore des \u0153uvres. Elle de\u0301fend e\u0301galement des artistes ayant forge\u0301 l\u2019histoire des arts du XXe et XXIe sie\u0300cles, tels que Miro\u0301, Ozenfant, Messagier, Appel, Devade.<\/span><\/p>\n<p class=\"\"><span class=\"\">Suite au coup de c\u0153ur de Katia Granoff, dans les anne\u0301es 50, pour l&#8217;impressionnisme normand et l\u2019e\u0301cole de Rouen, la galerie posse\u0300de e\u0301galement une succursale a\u0300 Honfleur sur le vieux bassin. La galerie y pre\u0301sente des \u0153uvres de cette pe\u0301riode phare ainsi que celles d\u2019artistes contemporains en alternance avec Paris afin d\u2019e\u0301largir leur diffusion.<\/span><\/p>\n<p class=\"\"><span class=\"\">2024 marque le centie\u0300me anniversaire de la Galerie Larock-Granoff, ce qui en fait la plus ancienne galerie familiale parisienne encore en activite\u0301. Depuis 2019, elle est tenue par Edouard Larock, l&#8217;arrie\u0300re-petit-neveu de Katia Granoff.\u00a0<\/span><\/p>\n<p class=\"\"><span class=\"\"><\/span><\/p>\n<p class=\"\"><span class=\"\"><\/span><\/p>\n<div class=\"\"><\/div>\n<div class=\"\">\n<div class=\"\"><span class=\"\">Galerie Larock-Granoff\u00a0<\/span><\/div>\n<div class=\"\"><span class=\"\">13 quai de Conti\u00a0<\/span><\/div>\n<div class=\"\"><span class=\"\">75006 Paris\u00a0<\/span><\/div>\n<\/div>\n<\/div>\n<\/div>\n<\/div>\n<\/div>\n<\/div>\n<p style=\"font-weight: 400;\">\n<p>[\/et_pb_text][\/et_pb_column][\/et_pb_row][\/et_pb_section][et_pb_section fb_built=&#8221;1&#8243; _builder_version=&#8221;3.22&#8243; background_image=&#8221;https:\/\/mariejacquier.com\/wp-content\/uploads\/2018\/12\/MARIEJACQUIER_agence.jpg&#8221; parallax=&#8221;on&#8221; custom_padding=&#8221;10px|0px|65px|0px|false|false&#8221;][et_pb_row _builder_version=&#8221;3.25&#8243; custom_padding=&#8221;64px|40px|0|40px|false|false&#8221; animation_style=&#8221;zoom&#8221; animation_intensity_zoom=&#8221;10%&#8221;][et_pb_column type=&#8221;4_4&#8243; _builder_version=&#8221;3.25&#8243; custom_padding=&#8221;|||&#8221; custom_padding__hover=&#8221;|||&#8221;][et_pb_cta title=&#8221;NOS missions&#8221; button_url=&#8221;#top&#8221; admin_label=&#8221;Nos missions&#8221; _builder_version=&#8221;3.18.7&#8243; header_font=&#8221;Arial|600||on|||||&#8221; header_text_color=&#8221;#ffffff&#8221; header_font_size=&#8221;30px&#8221; header_letter_spacing=&#8221;5px&#8221; header_line_height=&#8221;1.4em&#8221; body_font=&#8221;Open Sans|600|||||||&#8221; body_font_size=&#8221;16px&#8221; body_line_height=&#8221;1.8em&#8221; use_background_color=&#8221;off&#8221; custom_button=&#8221;on&#8221; button_text_size=&#8221;17px&#8221; button_text_color=&#8221;#ffffff&#8221; button_bg_color=&#8221;rgba(0,0,0,0)&#8221; button_border_width=&#8221;1px&#8221; button_border_color=&#8221;#ffffff&#8221; button_border_radius=&#8221;0px&#8221; button_letter_spacing=&#8221;4px&#8221; button_font=&#8221;Arial|700||on|||||&#8221; button_use_icon=&#8221;off&#8221; background_layout=&#8221;light&#8221; max_width=&#8221;600px&#8221; module_alignment=&#8221;center&#8221; custom_margin=&#8221;50px|||&#8221; custom_margin_tablet=&#8221;0px|||&#8221; custom_margin_phone=&#8221;&#8221; custom_margin_last_edited=&#8221;on|tablet&#8221; header_font_size_tablet=&#8221;&#8221; header_font_size_phone=&#8221;20px&#8221; header_font_size_last_edited=&#8221;on|phone&#8221; button_text_color_hover=&#8221;#ffffff&#8221; button_border_color_hover=&#8221;rgba(0,0,0,0)&#8221; button_border_radius_hover=&#8221;28px&#8221; button_letter_spacing_hover=&#8221;2px&#8221; button_bg_color_hover=&#8221;rgba(0,0,0,0.7)&#8221; locked=&#8221;off&#8221; inline_fonts=&#8221;Arial&#8221; button_text_size__hover_enabled=&#8221;off&#8221; button_one_text_size__hover_enabled=&#8221;off&#8221; button_two_text_size__hover_enabled=&#8221;off&#8221; button_text_color__hover_enabled=&#8221;on&#8221; button_text_color__hover=&#8221;rgba(0,0,0,0)&#8221; button_one_text_color__hover_enabled=&#8221;off&#8221; button_two_text_color__hover_enabled=&#8221;off&#8221; button_border_width__hover_enabled=&#8221;off&#8221; button_one_border_width__hover_enabled=&#8221;off&#8221; button_two_border_width__hover_enabled=&#8221;off&#8221; button_border_color__hover_enabled=&#8221;on&#8221; button_border_color__hover=&#8221;rgba(0,0,0,0)&#8221; button_one_border_color__hover_enabled=&#8221;off&#8221; button_two_border_color__hover_enabled=&#8221;off&#8221; button_border_radius__hover_enabled=&#8221;on&#8221; button_border_radius__hover=&#8221;0px&#8221; button_one_border_radius__hover_enabled=&#8221;off&#8221; button_two_border_radius__hover_enabled=&#8221;off&#8221; button_letter_spacing__hover_enabled=&#8221;on&#8221; button_letter_spacing__hover=&#8221;2px&#8221; button_one_letter_spacing__hover_enabled=&#8221;off&#8221; button_two_letter_spacing__hover_enabled=&#8221;off&#8221; button_bg_color__hover_enabled=&#8221;on&#8221; button_one_bg_color__hover_enabled=&#8221;off&#8221; button_two_bg_color__hover_enabled=&#8221;off&#8221;][\/et_pb_cta][\/et_pb_column][\/et_pb_row][et_pb_row _builder_version=&#8221;3.25&#8243;][et_pb_column type=&#8221;4_4&#8243; _builder_version=&#8221;3.25&#8243; custom_padding=&#8221;|||&#8221; custom_padding__hover=&#8221;|||&#8221;][et_pb_text admin_label=&#8221;Texte missions&#8221; _builder_version=&#8221;4.9.4&#8243; text_text_color=&#8221;#FFFFFF&#8221; inline_fonts=&#8221;Arial&#8221;]<\/p>\n<p style=\"font-weight: 400; text-align: center;\"><span>Conseil en communication et Relations presse\u00a0<\/span><\/p>\n<p>[\/et_pb_text][\/et_pb_column][\/et_pb_row][\/et_pb_section]<\/p>\n","protected":false},"excerpt":{"rendered":"<p>Galerie&#8212;&#8212;&#8212;&#8212;&#8212;&#8212;&#8212;&#8212;&#8212;&#8212;- En 2024, la galerie f\u00eate ses 100 ans avec une programmation d\u2019expositions pr\u00e9sentant les iconiques, Chagall, les femmes peintres soutenues par la fondatrice Katia Granoff et des artistes contemporaines. Une exposition collective en septembre et la sortie en octobre d\u2019un beau livre retra\u00e7ant le parcours de cette femme visionnaire. Fond\u00e9e en 1924 par Katia [&hellip;]<\/p>\n","protected":false},"author":1,"featured_media":0,"parent":0,"menu_order":0,"comment_status":"closed","ping_status":"closed","template":"","meta":{"_et_pb_use_builder":"on","_et_pb_old_content":"","_et_gb_content_width":"","footnotes":""},"class_list":["post-3647","page","type-page","status-publish","hentry"],"_links":{"self":[{"href":"https:\/\/mariejacquier.com\/index.php\/wp-json\/wp\/v2\/pages\/3647","targetHints":{"allow":["GET"]}}],"collection":[{"href":"https:\/\/mariejacquier.com\/index.php\/wp-json\/wp\/v2\/pages"}],"about":[{"href":"https:\/\/mariejacquier.com\/index.php\/wp-json\/wp\/v2\/types\/page"}],"author":[{"embeddable":true,"href":"https:\/\/mariejacquier.com\/index.php\/wp-json\/wp\/v2\/users\/1"}],"replies":[{"embeddable":true,"href":"https:\/\/mariejacquier.com\/index.php\/wp-json\/wp\/v2\/comments?post=3647"}],"version-history":[{"count":6,"href":"https:\/\/mariejacquier.com\/index.php\/wp-json\/wp\/v2\/pages\/3647\/revisions"}],"predecessor-version":[{"id":3897,"href":"https:\/\/mariejacquier.com\/index.php\/wp-json\/wp\/v2\/pages\/3647\/revisions\/3897"}],"wp:attachment":[{"href":"https:\/\/mariejacquier.com\/index.php\/wp-json\/wp\/v2\/media?parent=3647"}],"curies":[{"name":"wp","href":"https:\/\/api.w.org\/{rel}","templated":true}]}}