{"id":3288,"date":"2023-08-30T13:05:04","date_gmt":"2023-08-30T11:05:04","guid":{"rendered":"https:\/\/mariejacquier.com\/?page_id=3288"},"modified":"2023-08-30T14:49:25","modified_gmt":"2023-08-30T12:49:25","slug":"printemps-asiatique","status":"publish","type":"page","link":"https:\/\/mariejacquier.com\/index.php\/printemps-asiatique\/","title":{"rendered":"PRINTEMPS ASIATIQUE"},"content":{"rendered":"<p>[et_pb_section fb_built=&#8221;1&#8243; _builder_version=&#8221;4.9.4&#8243; background_color=&#8221;#FFFFFF&#8221; background_image=&#8221;https:\/\/mariejacquier.com\/wp-content\/uploads\/2023\/08\/95A7467.jpg&#8221; parallax=&#8221;on&#8221; custom_padding=&#8221;10px|0px|86px|0px|false|false&#8221;][et_pb_row _builder_version=&#8221;3.25&#8243; custom_padding=&#8221;134px|40px|80px|40px|false|false&#8221; animation_style=&#8221;zoom&#8221; animation_intensity_zoom=&#8221;10%&#8221;][et_pb_column type=&#8221;4_4&#8243; _builder_version=&#8221;3.25&#8243; custom_padding=&#8221;|||&#8221; custom_padding__hover=&#8221;|||&#8221;][et_pb_cta title=&#8221;PRINTEMPS ASIATIQUE&#8221; button_url=&#8221;#top&#8221; admin_label=&#8221;Header&#8221; _builder_version=&#8221;4.9.4&#8243; header_font=&#8221;Arial|600||on|||||&#8221; header_text_color=&#8221;#ffffff&#8221; header_font_size=&#8221;30px&#8221; header_letter_spacing=&#8221;5px&#8221; header_line_height=&#8221;1.4em&#8221; body_font=&#8221;Open Sans|600|||||||&#8221; body_font_size=&#8221;16px&#8221; body_line_height=&#8221;1.8em&#8221; use_background_color=&#8221;off&#8221; custom_button=&#8221;on&#8221; button_text_size=&#8221;17px&#8221; button_text_color=&#8221;#ffffff&#8221; button_bg_color=&#8221;rgba(0,0,0,0)&#8221; button_border_width=&#8221;1px&#8221; button_border_color=&#8221;#ffffff&#8221; button_border_radius=&#8221;0px&#8221; button_letter_spacing=&#8221;4px&#8221; button_font=&#8221;Arial|700||on|||||&#8221; button_use_icon=&#8221;off&#8221; background_layout=&#8221;light&#8221; max_width=&#8221;600px&#8221; module_alignment=&#8221;center&#8221; custom_margin=&#8221;50px|||&#8221; custom_margin_tablet=&#8221;0px|||&#8221; custom_margin_phone=&#8221;&#8221; custom_margin_last_edited=&#8221;on|tablet&#8221; hover_enabled=&#8221;0&#8243; header_font_size_tablet=&#8221;&#8221; header_font_size_phone=&#8221;20px&#8221; header_font_size_last_edited=&#8221;on|phone&#8221; button_text_color_hover=&#8221;#ffffff&#8221; button_border_color_hover=&#8221;rgba(0,0,0,0)&#8221; button_border_radius_hover=&#8221;28px&#8221; button_letter_spacing_hover=&#8221;2px&#8221; button_bg_color_hover=&#8221;rgba(0,0,0,0.7)&#8221; locked=&#8221;off&#8221; inline_fonts=&#8221;Arial&#8221; button_text_size__hover_enabled=&#8221;off&#8221; button_one_text_size__hover_enabled=&#8221;off&#8221; button_two_text_size__hover_enabled=&#8221;off&#8221; button_text_color__hover_enabled=&#8221;on&#8221; button_text_color__hover=&#8221;rgba(0,0,0,0)&#8221; button_one_text_color__hover_enabled=&#8221;off&#8221; button_two_text_color__hover_enabled=&#8221;off&#8221; button_border_width__hover_enabled=&#8221;off&#8221; button_one_border_width__hover_enabled=&#8221;off&#8221; button_two_border_width__hover_enabled=&#8221;off&#8221; button_border_color__hover_enabled=&#8221;on&#8221; button_border_color__hover=&#8221;rgba(0,0,0,0)&#8221; button_one_border_color__hover_enabled=&#8221;off&#8221; button_two_border_color__hover_enabled=&#8221;off&#8221; button_border_radius__hover_enabled=&#8221;on&#8221; button_border_radius__hover=&#8221;0px&#8221; button_one_border_radius__hover_enabled=&#8221;off&#8221; button_two_border_radius__hover_enabled=&#8221;off&#8221; button_letter_spacing__hover_enabled=&#8221;on&#8221; button_letter_spacing__hover=&#8221;2px&#8221; button_one_letter_spacing__hover_enabled=&#8221;off&#8221; button_two_letter_spacing__hover_enabled=&#8221;off&#8221; button_bg_color__hover_enabled=&#8221;on&#8221; button_one_bg_color__hover_enabled=&#8221;off&#8221; button_two_bg_color__hover_enabled=&#8221;off&#8221; sticky_enabled=&#8221;0&#8243;][\/et_pb_cta][\/et_pb_column][\/et_pb_row][\/et_pb_section][et_pb_section fb_built=&#8221;1&#8243; admin_label=&#8221;Juice Categories Section&#8221; _builder_version=&#8221;3.22&#8243; custom_padding=&#8221;60px|0px|60px|0px|false|false&#8221;][et_pb_row _builder_version=&#8221;3.25&#8243; custom_padding=&#8221;25.5938px|0px|25px|0px|false|false&#8221;][et_pb_column type=&#8221;4_4&#8243; _builder_version=&#8221;3.25&#8243; custom_padding=&#8221;|||&#8221; custom_padding__hover=&#8221;|||&#8221;][et_pb_text _builder_version=&#8221;4.9.4&#8243; text_text_color=&#8221;#000000&#8243; inline_fonts=&#8221;Arial&#8221;]<\/p>\n<p class=\"p1\" style=\"text-align: center;\"><em><span style=\"color: #010236; font-family: Arial; font-size: x-large;\">\u00c9v\u00e9nement<\/span><\/em><\/p>\n<p style=\"text-align: center;\">&#8212;&#8212;&#8212;&#8212;&#8212;&#8212;&#8212;&#8212;&#8212;&#8212;-<\/p>\n<p class=\"p1\" style=\"text-align: center;\">\n<p style=\"font-weight: 400;\"><strong>Pour la premi\u00e8re fois en 2023, l\u2019agence a accompagn\u00e9 la 6\u00e8me \u00e9dition du\u00a0Printemps Asiatique\u00a0Paris, qui a rencontr\u00e9 un grand succ\u00e8s <br \/>Plus de 3000 visiteurs du 7 au 16 juin\u00a0<\/strong><\/p>\n<p><strong>Une cinquantaine d&#8217;activit\u00e9s, conf\u00e9rences et visites guid\u00e9es, ont r\u00e9joui un public vari\u00e9 approchant les 1450 personnes<\/strong>.\u00a0\u00a0<br \/>29 galeries participantes ont d\u00e9voil\u00e9 leurs plus belles \u0153uvres et fait part de leur expertise, tant dans l&#8217;art ancien que l&#8217;art contemporain.\u00a0<br \/><strong>Les maisons de ventes ont \u00e9tabli de nouveaux records, et obtenu des r\u00e9sultats spectaculaires.<\/strong><br \/><strong>Pr\u00e8s de 1500 visiteurs ont visit\u00e9 l&#8217;exposition coll\u00e9giale \u00e0 la Pagode du 7 au 11 juin, accessible cette ann\u00e9e uniquement sur invitation<\/strong>\u00a0des exposants.<br \/><strong>Participation accrue des mus\u00e9es et institutions culturelles<\/strong>\u00a0qui ont eu \u00e0 c\u0153ur de pr\u00e9senter la richesse de leurs collections d&#8217;art asiatique.<\/p>\n<p style=\"font-weight: 400;\"><strong>\u00ab La qualite\u0301 de la programmation, avec la venue d&#8217;acteurs internationaux de renom,\u00a0\u00a0les chiffres de fre\u0301quentation \u00a0et les\u00a0re\u0301sultats de ventes records de cette sixi\u00e8me\u00a0e\u0301dition du Printemps Asiatique Paris\u00a0nous confirment\u00a0l&#8217;int\u00e9r\u00eat que\u00a0la manifestation a suscite\u0301\u00a0cette ann\u00e9e. Un\u00a0engouement important\u00a0a\u0300 l\u2019e\u0301chelle europe\u0301enne affirmant\u00a0la place de\u00a0Paris comme\u00a0incontournable\u00a0sur le marche\u0301 des arts d&#8217;Asie. \u00bb \u00a0 \u00a0 \u00a0 \u00a0 \u00a0\u00a0<\/strong><br \/>Christophe Hioco, Pre\u0301sident du Printemps Asiatique Paris<\/p>\n<p style=\"text-align: justify;\"><span style=\"font-weight: 400;\">Un programme culturel enrichi cette ann\u00e9e qui a propos\u00e9 dix journ\u00e9es avec\u00a0<strong>14 conf\u00e9rences et tables rondes et 27 visites guid\u00e9es gr\u00e2ce notamment \u00e0 la participation \u00e0 l&#8217;\u00e9v\u00e8nement de 13 mus\u00e9es et institutions fran\u00e7aises.<\/strong><\/p>\n<p><strong>29 galeries et 16 maisons de ventes ont accueilli cette ann\u00e9e collectionneurs, amateurs d&#8217;art et de nouveaux participants venant des \u00c9tats-Unis, du Royaume-Uni et des Pays-Bas,\u00a0<\/strong>confirmant l&#8217;importance accrue du Printemps Asiatique au niveau international. \u00a0<\/p>\n<p>Cette 6e \u00e9dition du Printemps Asiatique a\u00a0<strong>honor\u00e9 Jacques Barr\u00e8re, qui contribue depuis plus de 50 ans &#8211; via sa galerie rue Mazarine &#8211; \u00e0 faire rayonner l&#8217;art asiatique \u00e0 travers le monde<\/strong>\u00a0et dont c&#8217;est le fils, Antoine Barr\u00e8re, qui a cr\u00e9\u00e9 le Printemps Asiatique, ce rendez-vous annuel depuis 2018.<\/span><span style=\"font-weight: 400;\"><\/p>\n<p><\/span><\/p>\n<p>[\/et_pb_text][\/et_pb_column][\/et_pb_row][\/et_pb_section][et_pb_section fb_built=&#8221;1&#8243; _builder_version=&#8221;3.22&#8243; background_image=&#8221;https:\/\/mariejacquier.com\/wp-content\/uploads\/2018\/12\/MARIEJACQUIER_agence.jpg&#8221; parallax=&#8221;on&#8221; custom_padding=&#8221;10px|0px|65px|0px|false|false&#8221;][et_pb_row _builder_version=&#8221;3.25&#8243; custom_padding=&#8221;64px|40px|0|40px|false|false&#8221; animation_style=&#8221;zoom&#8221; animation_intensity_zoom=&#8221;10%&#8221;][et_pb_column type=&#8221;4_4&#8243; _builder_version=&#8221;3.25&#8243; custom_padding=&#8221;|||&#8221; custom_padding__hover=&#8221;|||&#8221;][et_pb_cta title=&#8221;NOS missions&#8221; button_url=&#8221;#top&#8221; admin_label=&#8221;Nos missions&#8221; _builder_version=&#8221;3.18.7&#8243; header_font=&#8221;Arial|600||on|||||&#8221; header_text_color=&#8221;#ffffff&#8221; header_font_size=&#8221;30px&#8221; header_letter_spacing=&#8221;5px&#8221; header_line_height=&#8221;1.4em&#8221; body_font=&#8221;Open Sans|600|||||||&#8221; body_font_size=&#8221;16px&#8221; body_line_height=&#8221;1.8em&#8221; use_background_color=&#8221;off&#8221; custom_button=&#8221;on&#8221; button_text_size=&#8221;17px&#8221; button_text_color=&#8221;#ffffff&#8221; button_bg_color=&#8221;rgba(0,0,0,0)&#8221; button_border_width=&#8221;1px&#8221; button_border_color=&#8221;#ffffff&#8221; button_border_radius=&#8221;0px&#8221; button_letter_spacing=&#8221;4px&#8221; button_font=&#8221;Arial|700||on|||||&#8221; button_use_icon=&#8221;off&#8221; background_layout=&#8221;light&#8221; max_width=&#8221;600px&#8221; module_alignment=&#8221;center&#8221; custom_margin=&#8221;50px|||&#8221; custom_margin_tablet=&#8221;0px|||&#8221; custom_margin_phone=&#8221;&#8221; custom_margin_last_edited=&#8221;on|tablet&#8221; header_font_size_tablet=&#8221;&#8221; header_font_size_phone=&#8221;20px&#8221; header_font_size_last_edited=&#8221;on|phone&#8221; button_text_color_hover=&#8221;#ffffff&#8221; button_border_color_hover=&#8221;rgba(0,0,0,0)&#8221; button_border_radius_hover=&#8221;28px&#8221; button_letter_spacing_hover=&#8221;2px&#8221; button_bg_color_hover=&#8221;rgba(0,0,0,0.7)&#8221; locked=&#8221;off&#8221; inline_fonts=&#8221;Arial&#8221; button_text_size__hover_enabled=&#8221;off&#8221; button_one_text_size__hover_enabled=&#8221;off&#8221; button_two_text_size__hover_enabled=&#8221;off&#8221; button_text_color__hover_enabled=&#8221;on&#8221; button_text_color__hover=&#8221;rgba(0,0,0,0)&#8221; button_one_text_color__hover_enabled=&#8221;off&#8221; button_two_text_color__hover_enabled=&#8221;off&#8221; button_border_width__hover_enabled=&#8221;off&#8221; button_one_border_width__hover_enabled=&#8221;off&#8221; button_two_border_width__hover_enabled=&#8221;off&#8221; button_border_color__hover_enabled=&#8221;on&#8221; button_border_color__hover=&#8221;rgba(0,0,0,0)&#8221; button_one_border_color__hover_enabled=&#8221;off&#8221; button_two_border_color__hover_enabled=&#8221;off&#8221; button_border_radius__hover_enabled=&#8221;on&#8221; button_border_radius__hover=&#8221;0px&#8221; button_one_border_radius__hover_enabled=&#8221;off&#8221; button_two_border_radius__hover_enabled=&#8221;off&#8221; button_letter_spacing__hover_enabled=&#8221;on&#8221; button_letter_spacing__hover=&#8221;2px&#8221; button_one_letter_spacing__hover_enabled=&#8221;off&#8221; button_two_letter_spacing__hover_enabled=&#8221;off&#8221; button_bg_color__hover_enabled=&#8221;on&#8221; button_one_bg_color__hover_enabled=&#8221;off&#8221; button_two_bg_color__hover_enabled=&#8221;off&#8221;][\/et_pb_cta][\/et_pb_column][\/et_pb_row][et_pb_row _builder_version=&#8221;3.25&#8243;][et_pb_column type=&#8221;4_4&#8243; _builder_version=&#8221;3.25&#8243; custom_padding=&#8221;|||&#8221; custom_padding__hover=&#8221;|||&#8221;][et_pb_text admin_label=&#8221;Texte missions&#8221; _builder_version=&#8221;4.9.4&#8243; text_text_color=&#8221;#FFFFFF&#8221; inline_fonts=&#8221;Arial&#8221;]<\/p>\n<p style=\"font-weight: 400; text-align: center;\">Relations presse France et international<\/p>\n<p>[\/et_pb_text][\/et_pb_column][\/et_pb_row][\/et_pb_section]<\/p>\n","protected":false},"excerpt":{"rendered":"<p>\u00c9v\u00e9nement &#8212;&#8212;&#8212;&#8212;&#8212;&#8212;&#8212;&#8212;&#8212;&#8212;- Pour la premi\u00e8re fois en 2023, l\u2019agence a accompagn\u00e9 la 6\u00e8me \u00e9dition du\u00a0Printemps Asiatique\u00a0Paris, qui a rencontr\u00e9 un grand succ\u00e8s Plus de 3000 visiteurs du 7 au 16 juin\u00a0 Une cinquantaine d&#8217;activit\u00e9s, conf\u00e9rences et visites guid\u00e9es, ont r\u00e9joui un public vari\u00e9 approchant les 1450 personnes.\u00a0\u00a029 galeries participantes ont d\u00e9voil\u00e9 leurs plus belles \u0153uvres [&hellip;]<\/p>\n","protected":false},"author":1,"featured_media":0,"parent":0,"menu_order":0,"comment_status":"closed","ping_status":"closed","template":"","meta":{"_et_pb_use_builder":"on","_et_pb_old_content":"","_et_gb_content_width":"","footnotes":""},"class_list":["post-3288","page","type-page","status-publish","hentry"],"_links":{"self":[{"href":"https:\/\/mariejacquier.com\/index.php\/wp-json\/wp\/v2\/pages\/3288","targetHints":{"allow":["GET"]}}],"collection":[{"href":"https:\/\/mariejacquier.com\/index.php\/wp-json\/wp\/v2\/pages"}],"about":[{"href":"https:\/\/mariejacquier.com\/index.php\/wp-json\/wp\/v2\/types\/page"}],"author":[{"embeddable":true,"href":"https:\/\/mariejacquier.com\/index.php\/wp-json\/wp\/v2\/users\/1"}],"replies":[{"embeddable":true,"href":"https:\/\/mariejacquier.com\/index.php\/wp-json\/wp\/v2\/comments?post=3288"}],"version-history":[{"count":2,"href":"https:\/\/mariejacquier.com\/index.php\/wp-json\/wp\/v2\/pages\/3288\/revisions"}],"predecessor-version":[{"id":3318,"href":"https:\/\/mariejacquier.com\/index.php\/wp-json\/wp\/v2\/pages\/3288\/revisions\/3318"}],"wp:attachment":[{"href":"https:\/\/mariejacquier.com\/index.php\/wp-json\/wp\/v2\/media?parent=3288"}],"curies":[{"name":"wp","href":"https:\/\/api.w.org\/{rel}","templated":true}]}}