{"id":2212,"date":"2021-03-30T10:08:10","date_gmt":"2021-03-30T08:08:10","guid":{"rendered":"https:\/\/mariejacquier.com\/?page_id=2212"},"modified":"2024-05-24T12:01:17","modified_gmt":"2024-05-24T10:01:17","slug":"menart-fair","status":"publish","type":"page","link":"https:\/\/mariejacquier.com\/index.php\/menart-fair\/","title":{"rendered":"Menart Fair"},"content":{"rendered":"<p>[et_pb_section fb_built=\u00a0\u00bb1&Prime; _builder_version=\u00a0\u00bb4.9.4&Prime; background_image=\u00a0\u00bbhttps:\/\/mariejacquier.com\/wp-content\/uploads\/2023\/08\/V2-banner-menart-scaled.jpg\u00a0\u00bb parallax=\u00a0\u00bbon\u00a0\u00bb custom_padding=\u00a0\u00bb10px|0px|86px|0px|false|false\u00a0\u00bb][et_pb_row _builder_version=\u00a0\u00bb4.9.4&Prime; custom_padding=\u00a0\u00bb134px|40px|0px|40px|false|false\u00a0\u00bb animation_style=\u00a0\u00bbzoom\u00a0\u00bb animation_intensity_zoom=\u00a0\u00bb10%\u00a0\u00bb][et_pb_column type=\u00a0\u00bb4_4&Prime; admin_label=\u00a0\u00bbColonne\u00a0\u00bb _builder_version=\u00a0\u00bb3.25&Prime; custom_padding=\u00a0\u00bb|||\u00a0\u00bb custom_padding__hover=\u00a0\u00bb|||\u00a0\u00bb][et_pb_cta title=\u00a0\u00bbMENAR FAIR\u00a0\u00bb button_url=\u00a0\u00bb#top\u00a0\u00bb admin_label=\u00a0\u00bbHeader\u00a0\u00bb _builder_version=\u00a0\u00bb4.9.4&Prime; header_font=\u00a0\u00bbArial|600||on|||||\u00a0\u00bb header_text_color=\u00a0\u00bb#FFFFFF\u00a0\u00bb header_font_size=\u00a0\u00bb30px\u00a0\u00bb header_letter_spacing=\u00a0\u00bb5px\u00a0\u00bb header_line_height=\u00a0\u00bb1.4em\u00a0\u00bb body_font=\u00a0\u00bbOpen Sans|600|||||||\u00a0\u00bb body_font_size=\u00a0\u00bb16px\u00a0\u00bb body_line_height=\u00a0\u00bb1.8em\u00a0\u00bb use_background_color=\u00a0\u00bboff\u00a0\u00bb custom_button=\u00a0\u00bbon\u00a0\u00bb button_text_size=\u00a0\u00bb17px\u00a0\u00bb button_text_color=\u00a0\u00bb#ffffff\u00a0\u00bb button_bg_color=\u00a0\u00bbrgba(0,0,0,0)\u00a0\u00bb button_border_width=\u00a0\u00bb1px\u00a0\u00bb button_border_color=\u00a0\u00bb#ffffff\u00a0\u00bb button_border_radius=\u00a0\u00bb0px\u00a0\u00bb button_letter_spacing=\u00a0\u00bb4px\u00a0\u00bb button_font=\u00a0\u00bbArial|700||on|||||\u00a0\u00bb button_use_icon=\u00a0\u00bboff\u00a0\u00bb background_layout=\u00a0\u00bblight\u00a0\u00bb max_width=\u00a0\u00bb600px\u00a0\u00bb module_alignment=\u00a0\u00bbcenter\u00a0\u00bb custom_margin=\u00a0\u00bb50px|||\u00a0\u00bb custom_margin_tablet=\u00a0\u00bb0px|||\u00a0\u00bb custom_margin_phone=\u00a0\u00bb\u00a0\u00bb custom_margin_last_edited=\u00a0\u00bbon|tablet\u00a0\u00bb header_font_size_tablet=\u00a0\u00bb\u00a0\u00bb header_font_size_phone=\u00a0\u00bb20px\u00a0\u00bb header_font_size_last_edited=\u00a0\u00bbon|phone\u00a0\u00bb custom_css_main_element=\u00a0\u00bbopacity: 0;\u00a0\u00bb header_text_shadow_style=\u00a0\u00bbpreset5&Prime; button_text_color_hover=\u00a0\u00bb#ffffff\u00a0\u00bb button_border_color_hover=\u00a0\u00bbrgba(0,0,0,0)\u00a0\u00bb button_border_radius_hover=\u00a0\u00bb28px\u00a0\u00bb button_letter_spacing_hover=\u00a0\u00bb2px\u00a0\u00bb button_bg_color_hover=\u00a0\u00bbrgba(0,0,0,0.7)\u00a0\u00bb locked=\u00a0\u00bboff\u00a0\u00bb inline_fonts=\u00a0\u00bbArial\u00a0\u00bb button_text_size__hover_enabled=\u00a0\u00bboff\u00a0\u00bb button_one_text_size__hover_enabled=\u00a0\u00bboff\u00a0\u00bb button_two_text_size__hover_enabled=\u00a0\u00bboff\u00a0\u00bb button_text_color__hover_enabled=\u00a0\u00bbon\u00a0\u00bb button_text_color__hover=\u00a0\u00bbrgba(0,0,0,0)\u00a0\u00bb button_one_text_color__hover_enabled=\u00a0\u00bboff\u00a0\u00bb button_two_text_color__hover_enabled=\u00a0\u00bboff\u00a0\u00bb button_border_width__hover_enabled=\u00a0\u00bboff\u00a0\u00bb button_one_border_width__hover_enabled=\u00a0\u00bboff\u00a0\u00bb button_two_border_width__hover_enabled=\u00a0\u00bboff\u00a0\u00bb button_border_color__hover_enabled=\u00a0\u00bbon\u00a0\u00bb button_border_color__hover=\u00a0\u00bbrgba(0,0,0,0)\u00a0\u00bb button_one_border_color__hover_enabled=\u00a0\u00bboff\u00a0\u00bb button_two_border_color__hover_enabled=\u00a0\u00bboff\u00a0\u00bb button_border_radius__hover_enabled=\u00a0\u00bbon\u00a0\u00bb button_border_radius__hover=\u00a0\u00bb0px\u00a0\u00bb button_one_border_radius__hover_enabled=\u00a0\u00bboff\u00a0\u00bb button_two_border_radius__hover_enabled=\u00a0\u00bboff\u00a0\u00bb button_letter_spacing__hover_enabled=\u00a0\u00bbon\u00a0\u00bb button_letter_spacing__hover=\u00a0\u00bb2px\u00a0\u00bb button_one_letter_spacing__hover_enabled=\u00a0\u00bboff\u00a0\u00bb button_two_letter_spacing__hover_enabled=\u00a0\u00bboff\u00a0\u00bb button_bg_color__hover_enabled=\u00a0\u00bbon\u00a0\u00bb button_one_bg_color__hover_enabled=\u00a0\u00bboff\u00a0\u00bb button_two_bg_color__hover_enabled=\u00a0\u00bboff\u00a0\u00bb][\/et_pb_cta][\/et_pb_column][\/et_pb_row][\/et_pb_section][et_pb_section fb_built=\u00a0\u00bb1&Prime; admin_label=\u00a0\u00bbJuice Categories Section\u00a0\u00bb _builder_version=\u00a0\u00bb3.22&Prime; custom_padding=\u00a0\u00bb60px|0px|60px|0px|false|false\u00a0\u00bb][et_pb_row _builder_version=\u00a0\u00bb3.25&Prime; custom_padding=\u00a0\u00bb25.5938px|0px|26px|1px|false|false\u00a0\u00bb][et_pb_column type=\u00a0\u00bb4_4&Prime; _builder_version=\u00a0\u00bb3.25&Prime; custom_padding=\u00a0\u00bb|||\u00a0\u00bb custom_padding__hover=\u00a0\u00bb|||\u00a0\u00bb][et_pb_text _builder_version=\u00a0\u00bb4.9.4&Prime; text_text_color=\u00a0\u00bb#000000&Prime; custom_padding=\u00a0\u00bb|||8px||\u00a0\u00bb inline_fonts=\u00a0\u00bbArial\u00a0\u00bb]<\/p>\n<p class=\"p1\" style=\"text-align: center;\"><em><span style=\"color: #010236; font-family: Arial; font-size: x-large;\">\u00c9v\u00e9nement<\/span><\/em><\/p>\n<p style=\"text-align: center;\">&#8212;&#8212;&#8212;&#8212;&#8212;&#8212;&#8212;&#8212;&#8212;&#8212;-<\/p>\n<h2 style=\"font-weight: 400;\"><strong>Menart Fair convie l\u2019Orient a\u0300 Paris <\/strong><\/h2>\n<p><strong>Pari r\u00e9ussi pour Menart Fair, avec son installation au Palais d\u2019I\u00e9na (CESE) \u00e0 Paris qui a accueilli 5.727 visiteurs en 3 jours et demi.<br \/><\/strong><strong>128 \u0153uvres vendues, sur quelques 230 expos\u00e9es\u00a0!<\/strong><\/p>\n<p><strong><\/strong><\/p>\n<p><strong>Pour sa 4e e\u0301dition, Menart Fair, premie\u0300re foire Europe\u0301enne de\u0301die\u0301e a\u0300 l\u2019art moderne &amp; contemporain + design du Moyen Orient et de l\u2019Afrique du Nord, a \u00e9t\u00e9 pr\u00e9sent\u00e9e <\/strong><strong style=\"font-size: 17px;\">du 14\u00a0au 17 septembre 2023, \u00a0au Palais d\u2019Ie\u0301na, a\u0300 Paris, joyaux\u00a0de l\u2019architecture conc\u0327u par Auguste Perret dans les anne\u0301es 30, et sie\u0300ge du\u00a0Conseil E\u0301conomique Social et Environnemental (CESE).<\/strong><\/p>\n<p>\u00a0<strong>1.188 collectionneurs et invite\u0301s de marque\u00a0<\/strong>se sont presse\u0301s a\u0300 venir de\u0301couvrir les \u0153uvres pre\u0301sente\u0301es par les\u00a0<strong>31 galeries + les 6 fondations &amp; institutions\u00a0<\/strong>venant de 14 pays. La soire\u0301e e\u0301te\u0301 e\u0301galement e\u0301maille\u0301e par plusieurs performances, telles les\u00a0<strong>fulgurances du danseur libanais Alexandre Paulikevitch\u00a0<\/strong>ou du\u00a0<strong>chore\u0301graphe Mehdi <\/strong><strong style=\"font-size: 17px;\">Kerkouche\u00a0<\/strong><span style=\"font-size: 17px;\">et les\u00a0<\/span><strong style=\"font-size: 17px;\">sets acidule\u0301s de Cyber Habibi<\/strong><span style=\"font-size: 17px;\">.<\/span><\/p>\n<p>Pour la premie\u0300re fois, Menart Fair a accueilli sur ces cimaises des \u0153uvres exceptionelles, de six fondations et institutions internationales :\u00a0<strong>Farjam Founda-on (Dubai\u0308), Akhami Founda-on (Dubai\u0308), iii museum (Zurich), Le Cercle de l\u2019Art (Paris), Le Consulat Voltaire (Paris)\u00a0<\/strong>et\u00a0<strong>la Montresso Art Founda-on (Marrakech).\u00a0<\/strong><\/p>\n<p>De nombreuses m\u00e9diations ont \u00e9t\u00e9 organis\u00e9es durant la foire aupr\u00e8s de d\u2019amis d\u2019institutions et de groupes de collectionneurs, notamment Aware, l\u2019Agenda culturel, la Maison de Balzac, la Cit\u00e9 de la musique, Culture secrets, Le Club Paris, le Palais de Tokyo, l&rsquo;Institut du monde arabe, l\u2019Institut des cultures de l&rsquo;Islam, la MEP, Millenart, Impact, Le Spot, Mus\u00e9e du Quai Branly \u2013 Jacques Chirac,\u00a0\u00a0La Sorbonne, \u2026 ainsi que des visites particuli\u00e8res avec le\u00a0Centre Georges Pompidou, Mus\u00e9e Picasso, Mus\u00e9e d\u2019Art Moderne de Paris, Cartier Arts &amp; Culture, Minist\u00e8re de la Culture, Minist\u00e8re des Affaires \u00e9trang\u00e8res pour la M\u00e9diterran\u00e9e, Cit\u00e9 Internationale des Arts, et de nombreux groupes de collectionneurs d\u00e9sireux d\u2019en savoir plus sur l\u2019art du MENA\u2026<\/p>\n<p>Un programme hors-les-murs a entraine\u0301 le public au\u00a0<strong>Muse\u0301e de l\u2019Homme\u00a0<\/strong>pour y de\u0301couvrir une installation de l\u2019artiste ce\u0301ramiste libanaise,\u00a0<strong>Samar Mogharbel<\/strong>, en collaboration avec le\u00a0<strong>de\u0301partement de la Seine-Maritime<\/strong>. Le\u00a0<strong>The\u0301a\u0302tre National de Chaillot\u00a0<\/strong>a ouvert ses portes pour un week-end non-stop de danses et de performances, avec\u00a0<strong>Mehdi Kerkouche<\/strong>, dont certains de\u0301cors ont e\u0301te\u0301 re\u0301alise\u0301s par les artistes de Menart Fair.<\/p>\n<p>Menart Fair a noue\u0301 des partenariats fort avec des Muse\u0301es et institutions culturelles de La Colline des Arts, dont, le\u00a0<strong>Muse\u0301e de l\u2019Homme, Chaillot -The\u0301a\u0302tre national de la Danse, le Palais de Tokyo, le Muse\u0301e d\u2019Art Moderne de Paris.\u00a0<\/strong><\/p>\n<p><strong>menart-fair.com<\/strong><\/p>\n<p style=\"font-weight: 400;\">\n<p>[\/et_pb_text][et_pb_text disabled_on=\u00a0\u00bbon|on|on\u00a0\u00bb _builder_version=\u00a0\u00bb4.9.4&Prime; text_text_color=\u00a0\u00bb#000000&Prime; custom_padding=\u00a0\u00bb|||8px||\u00a0\u00bb disabled=\u00a0\u00bbon\u00a0\u00bb inline_fonts=\u00a0\u00bbArial\u00a0\u00bb]<\/p>\n<p class=\"p1\" style=\"text-align: center;\"><em><span style=\"color: #010236; font-family: Arial; font-size: x-large;\">\u00c9v\u00e9nement<\/span><\/em><\/p>\n<p style=\"text-align: center;\">&#8212;&#8212;&#8212;&#8212;&#8212;&#8212;&#8212;&#8212;&#8212;&#8212;-<\/p>\n<h2 style=\"font-weight: 400;\"><strong>Menart Fair convie l\u2019Orient a\u0300 Paris <\/strong><\/h2>\n<p style=\"font-weight: 400;\"><strong>Une 4e\u0300 e\u0301dition du 15 au 17 septembre 2023 au Palais d\u2019Ie\u0301na (Soire\u0301e d\u2019inauguration : jeudi 14 septembre 2023) <\/strong><\/p>\n<p style=\"font-weight: 400;\"><strong>Rendez-vous unique en Europe, <em>Menart Fair<\/em>, accueille pour sa 4e\u0300 e\u0301dition a\u0300 Paris, 31 galeries venant de 11 pays, pre\u0301sentant la cre\u0301ation Art + Design, 6 institutions et fondations internationales, du Moyen-Orient a\u0300 l\u2019Afrique du Nord. Celles-ci exposent la plus fine se\u0301lection d\u2019e\u0301toiles montantes ainsi que de talents reconnus sur cette sce\u0300ne en pleine effervescence. Un carrefour de de\u0301couvertes et de rencontres, riche et de\u0301paysant. <\/strong><\/p>\n<p style=\"font-weight: 400;\">Accueillie au Palais d\u2019Ie\u0301na, monument historique du XXe\u0300 sie\u0300cle, sie\u0300ge du Conseil e\u0301conomique, social et environnemental (CESE), <em>Menart Fair <\/em>est place\u0301e sous le parrainage du ministe\u0300re de la Culture et se tiendra durant les <em>Journe\u0301es Europe\u0301ennes du Patrimoine<\/em>, e\u0301ve\u0301nement culturel incontournable de la rentre\u0301e.<\/p>\n<p style=\"font-weight: 400;\">La demande et l\u2019inte\u0301re\u0302t grandissant pour l\u2019art du MENA (Middle East, North Africa), n\u2019a pas e\u0301chappe\u0301 \u2013 le fait est nouveau \u2013 a\u0300 de nouvelles galeries, dont l\u2019engagement te\u0301moigne d\u2019un vrai tournant sur ce marche\u0301. <strong>1\/3 des galeries sont franc\u0327aises <\/strong>et ont choisi d\u2019ouvrir leurs e\u0301curies aux artistes au MENA ainsi que d\u2019autres venant d\u2019Europe.<\/p>\n<p style=\"font-weight: 400;\">Malgre\u0301 les difficulte\u0301s e\u0301conomiques que le Liban traverse, <strong>1\/3 des galeries sont libanaises <\/strong>et font l\u2019effort de venir pre\u0301senter leurs artistes a\u0300 Paris, la capitale mondiale des arts. L\u2019Afrique du Nord est aussi pre\u0301sente avec des se\u0301lections exceptionnelles, ainsi que l\u2019Arabie Saoudite, les E\u0301mirats Arabes Unis et le Qatar. <strong>Huit galeries choisissent de pre\u0301senter des designers<\/strong>, certains de renom et d\u2019autres a\u0300 de\u0301couvrir. L\u2019on remarque le bourgeonnement d\u2019une ge\u0301ne\u0301ration de cre\u0301ateurs innovants : la sce\u0300ne est largement intercontinentale, certains designers recourant a\u0300 la fleur de l\u2019artisanat, quand d\u2019autres sont avides des technologies les plus re\u0301centes.<\/p>\n<p style=\"font-weight: 400;\">Parmi les 31 galeries exposantes, <strong>11 d\u2019entre elles te\u0301moignent de leur fide\u0301lite\u0301 a\u0300 <em>Menart Fair <\/em>en renouvelant leur participation<\/strong>.<\/p>\n<p style=\"font-weight: 400;\"><strong>Et pour la premie\u0300re fois, <em>Menart Fair<\/em><\/strong> accueille des \u0153uvres exceptionnelles, de six <strong>fondations et d\u2019institutions internationales <\/strong>: <strong>Farjam Foundation <\/strong>(Dubai\u0308), <strong>Afkhami Foundation <\/strong>(Dubai\u0308), <strong>iii museum <\/strong>(Zurich), <strong>Le Cercle de l\u2019Art <\/strong>(Paris), <strong>Le Consulat Voltaire <\/strong>(Paris) et la <strong>Montresso Art Foundation <\/strong>(Marrakech).<\/p>\n<p style=\"font-weight: 400;\">Enfin, l\u2019architecte et d\u00e9coratrice de renom, <strong>India Mahdavi est l\u2019invit\u00e9e de la foire et propose, en d\u00e9voilant une s\u00e9lection d\u2019\u0153uvres, \u00ab\u00a0ses coups de c\u0153ur\u00a0\u00bb. <\/strong><\/p>\n<p style=\"font-weight: 400;\">Le soir de l\u2019inauguration, les invite\u0301s pourront assister \u00e0 <strong>performance musicale et chore\u0301graphique \u00ab <em>El Baladi <\/em>\u00bb <\/strong>-ou danse du ventre- avec le danseur libanais Alexandre Paulike\u0301vitch accompagne\u0301 par la claveciniste franc\u0327aise Laure Vovard, sur <em>Pre\u0301ludes <\/em>de Louis et Franc\u0327ois Couperin (XVIIIe\u0300).<\/p>\n<p style=\"font-weight: 400;\"><strong>Trois tables-rondes<\/strong>, (dont deux, en partenariat avec le <em>Master Expertise et Marche\u0301 de l\u2019art <\/em>de <em>Sorbonne Universite\u0301<\/em>), vont mettre en lumie\u0300re, les initiatives prive\u0301es qui tiennent fermement le flambeau malgre\u0301 l\u2019ef- fondrement e\u0301tatique au Liban, en Syrie, en Irak et en Palestine. Puis, la gene\u0300se du marche\u0301 de l\u2019art au Moyen- Orient, en mettant \u00ab on the spot \u00bb les personnalite\u0301s de\u0301cisives et disruptives qui ont contribue\u0301 a\u0300 sa naissance et a\u0300 son originalite\u0301. Et enfin, la manie\u0300re dont nos objectifs et nos passions inte\u0301rieures fac\u0327onnent nos vies et nos destins, tout en contribuant a\u0300 une socie\u0301te\u0301 plus inclusive et plus e\u0301quitable.<\/p>\n<p style=\"font-weight: 400;\">Une <strong>confe\u0301rence musicale <\/strong>avec <strong>Guillaume Huret de <em>Rejoice, <\/em><\/strong>une heure singulie\u0300re offerte aux visiteurs, avec les histoires incroyables liant la musique du Moyen-Orient a\u0300 celle de l\u2019Occident.<\/p>\n<p style=\"font-weight: 400;\">Une programmation de <strong>53 mn de vide\u0301os d\u2019artistes <\/strong>met en avant 4 films dont la the\u0301matique en filigrane est celle d\u2019une fin, d\u2019une rupture ou de l\u2019attente d\u2019un changement.<\/p>\n<p style=\"font-weight: 400;\"><strong>Les enfants ne sont pas oublie\u0301s <\/strong>durant Menart Fair !<\/p>\n<p style=\"font-weight: 400;\">En effet, le week-end de la foire, des me\u0301diations de\u0301die\u0301es sont organise\u0301es pour leur expliquer les \u0153uvres expose\u0301es. Aussi, un atelier de fabrication d\u2019objets moule\u0301s en ciment naturel <em>Prompt <\/em>est mis en place par la <em>Fondation Louis Vicat<\/em>, pour petits&#8230;et grands !<\/p>\n<p style=\"font-weight: 400;\">Un programme Hors-les-murs vous entraine au <strong>Muse\u0301e de l\u2019Homme <\/strong>pour y de\u0301couvrir une installation d\u2019un artiste de nos re\u0301gions, ainsi qu\u2019au <strong>The\u0301a\u0302tre National de Chaillot <\/strong>pour un week-end non-stop de danses et de performances, avec <strong>Mehdi Kerkouche <\/strong>ainsi que des promenades extraordinaires dans les muse\u0301es* autour du Palais d\u2019Ie\u0301na.<\/p>\n<p style=\"font-weight: 400;\">Palais d\u2019I\u00e9na<br \/><span style=\"font-size: 17px;\">Place d\u2019I\u00e9na, Paris 16<\/span><span style=\"font-size: xx-small;\"><sup>\u00e8me<\/sup><\/span><\/p>\n<p style=\"font-weight: 400;\"><strong>menart-fair.com<\/strong><\/p>\n<p style=\"font-weight: 400;\">Veuillez trouver toutes les informations ne\u0301cessaires relatives a\u0300 la communication (visuels et le\u0301gendes des oeuvres, communique\u0301s de presse, identite\u0301s visuelles marketing) :<\/p>\n<p style=\"font-weight: 400;\"><a href=\"https:\/\/drive.google.com\/drive\/folders\/10LvGbT6HTy3pPygL77mLXOQVWmRedFzO?usp=share_link\"><strong>https:\/\/drive.google.com\/drive\/folders\/10LvGbT6HTy3pPygL77mLXOQVWmRedFzO?usp=share_link<\/strong><\/a><\/p>\n<p>[\/et_pb_text][et_pb_text disabled_on=\u00a0\u00bbon|on|on\u00a0\u00bb _builder_version=\u00a0\u00bb4.9.4&Prime; text_text_color=\u00a0\u00bb#000000&Prime; disabled=\u00a0\u00bbon\u00a0\u00bb inline_fonts=\u00a0\u00bbArial\u00a0\u00bb]<\/p>\n<p class=\"p1\" style=\"text-align: center;\"><em><span style=\"color: #010236; font-family: Arial; font-size: x-large;\">\u00c9v\u00e9nement<\/span><\/em><\/p>\n<p style=\"text-align: center;\">&#8212;&#8212;&#8212;&#8212;&#8212;&#8212;&#8212;&#8212;&#8212;&#8212;-<\/p>\n<p class=\"p1\"><strong>MENART FAIR Paris 2022 :<\/strong><br \/><strong>18 galeries \/ 12 pays \/ 84 artistes \/ 200 \u0153uvres 19 \u2013 22 mai 2022 <\/strong><\/p>\n<p>Galvanise\u0301e par une premie\u0300re e\u0301dition couronne\u0301e de succe\u0300s en 2021, <strong>MENART FAIR Paris <\/strong>revient, du <strong>19 au 22 mai 2022<\/strong>, pre\u0301senter le meilleur de la cre\u0301ation moderne et contemporaine du ME.NA (Middle East &amp; North Africa, ME.NA) dans la capitale de l\u2019art.<\/p>\n<p>Partie prenante de la de\u0301couverte ou de la rede\u0301couverte des ar- tistes du Moyen-Orient et de l\u2019Afrique du Nord, MENART FAIR joue un ro\u0302le de premier plan dans le rayonnement des artistes de ces re\u0301gions en Europe.<\/p>\n<p><strong>L\u2019objectif de MENART FAIR est triple : <\/strong>combler l\u2019engouement des collectionneurs pour l\u2019art du Moyen-Orient &amp; de l\u2019Afrique du Nord, avec un accompagnement sur son histoire et son marche\u0301, permettre aux galeries occidentales de cre\u0301er des passerelles vers de nouveaux artistes et fournir aux artistes du monde arabe l\u2019opportunite\u0301 unique de tisser des liens avec des experts internationaux.<\/p>\n<p><strong>Cornette de Saint Cyr, 6 avenue Hoche, 75008, Paris, France<br \/>du jeudi 19 au dimanche 22 mai 2022, de midi a\u0300 19h<br \/>Preview presse : mercredi 18 mai 2022, de 16h a\u0300 18h<br \/>Inauguration VIP : mercredi 18 mai 2022, de 18h a\u0300 22h, sur invitation <\/strong><\/p>\n<p>[\/et_pb_text][\/et_pb_column][\/et_pb_row][\/et_pb_section][et_pb_section fb_built=\u00a0\u00bb1&Prime; _builder_version=\u00a0\u00bb3.22&Prime; background_image=\u00a0\u00bbhttps:\/\/mariejacquier.com\/wp-content\/uploads\/2018\/12\/MARIEJACQUIER_agence.jpg\u00a0\u00bb parallax=\u00a0\u00bbon\u00a0\u00bb custom_padding=\u00a0\u00bb10px|0px|65px|0px|false|false\u00a0\u00bb][et_pb_row _builder_version=\u00a0\u00bb3.25&Prime; custom_padding=\u00a0\u00bb64px|40px|0|40px|false|false\u00a0\u00bb animation_style=\u00a0\u00bbzoom\u00a0\u00bb animation_intensity_zoom=\u00a0\u00bb10%\u00a0\u00bb][et_pb_column type=\u00a0\u00bb4_4&Prime; _builder_version=\u00a0\u00bb3.25&Prime; custom_padding=\u00a0\u00bb|||\u00a0\u00bb custom_padding__hover=\u00a0\u00bb|||\u00a0\u00bb][et_pb_cta title=\u00a0\u00bbNos missions\u00a0\u00bb button_url=\u00a0\u00bb#top\u00a0\u00bb admin_label=\u00a0\u00bbNos missions\u00a0\u00bb _builder_version=\u00a0\u00bb3.18.7&Prime; header_font=\u00a0\u00bbArial|600||on|||||\u00a0\u00bb header_text_color=\u00a0\u00bb#ffffff\u00a0\u00bb header_font_size=\u00a0\u00bb30px\u00a0\u00bb header_letter_spacing=\u00a0\u00bb5px\u00a0\u00bb header_line_height=\u00a0\u00bb1.4em\u00a0\u00bb body_font=\u00a0\u00bbOpen Sans|600|||||||\u00a0\u00bb body_font_size=\u00a0\u00bb16px\u00a0\u00bb body_line_height=\u00a0\u00bb1.8em\u00a0\u00bb use_background_color=\u00a0\u00bboff\u00a0\u00bb custom_button=\u00a0\u00bbon\u00a0\u00bb button_text_size=\u00a0\u00bb17px\u00a0\u00bb button_text_color=\u00a0\u00bb#ffffff\u00a0\u00bb button_bg_color=\u00a0\u00bbrgba(0,0,0,0)\u00a0\u00bb button_border_width=\u00a0\u00bb1px\u00a0\u00bb button_border_color=\u00a0\u00bb#ffffff\u00a0\u00bb button_border_radius=\u00a0\u00bb0px\u00a0\u00bb button_letter_spacing=\u00a0\u00bb4px\u00a0\u00bb button_font=\u00a0\u00bbArial|700||on|||||\u00a0\u00bb button_use_icon=\u00a0\u00bboff\u00a0\u00bb background_layout=\u00a0\u00bblight\u00a0\u00bb max_width=\u00a0\u00bb600px\u00a0\u00bb module_alignment=\u00a0\u00bbcenter\u00a0\u00bb custom_margin=\u00a0\u00bb50px|||\u00a0\u00bb custom_margin_tablet=\u00a0\u00bb0px|||\u00a0\u00bb custom_margin_phone=\u00a0\u00bb\u00a0\u00bb custom_margin_last_edited=\u00a0\u00bbon|tablet\u00a0\u00bb header_font_size_tablet=\u00a0\u00bb\u00a0\u00bb header_font_size_phone=\u00a0\u00bb20px\u00a0\u00bb header_font_size_last_edited=\u00a0\u00bbon|phone\u00a0\u00bb button_text_color_hover=\u00a0\u00bb#ffffff\u00a0\u00bb button_border_color_hover=\u00a0\u00bbrgba(0,0,0,0)\u00a0\u00bb button_border_radius_hover=\u00a0\u00bb28px\u00a0\u00bb button_letter_spacing_hover=\u00a0\u00bb2px\u00a0\u00bb button_bg_color_hover=\u00a0\u00bbrgba(0,0,0,0.7)\u00a0\u00bb locked=\u00a0\u00bboff\u00a0\u00bb inline_fonts=\u00a0\u00bbArial\u00a0\u00bb button_text_size__hover_enabled=\u00a0\u00bboff\u00a0\u00bb button_one_text_size__hover_enabled=\u00a0\u00bboff\u00a0\u00bb button_two_text_size__hover_enabled=\u00a0\u00bboff\u00a0\u00bb button_text_color__hover_enabled=\u00a0\u00bbon\u00a0\u00bb button_text_color__hover=\u00a0\u00bbrgba(0,0,0,0)\u00a0\u00bb button_one_text_color__hover_enabled=\u00a0\u00bboff\u00a0\u00bb button_two_text_color__hover_enabled=\u00a0\u00bboff\u00a0\u00bb button_border_width__hover_enabled=\u00a0\u00bboff\u00a0\u00bb button_one_border_width__hover_enabled=\u00a0\u00bboff\u00a0\u00bb button_two_border_width__hover_enabled=\u00a0\u00bboff\u00a0\u00bb button_border_color__hover_enabled=\u00a0\u00bbon\u00a0\u00bb button_border_color__hover=\u00a0\u00bbrgba(0,0,0,0)\u00a0\u00bb button_one_border_color__hover_enabled=\u00a0\u00bboff\u00a0\u00bb button_two_border_color__hover_enabled=\u00a0\u00bboff\u00a0\u00bb button_border_radius__hover_enabled=\u00a0\u00bbon\u00a0\u00bb button_border_radius__hover=\u00a0\u00bb0px\u00a0\u00bb button_one_border_radius__hover_enabled=\u00a0\u00bboff\u00a0\u00bb button_two_border_radius__hover_enabled=\u00a0\u00bboff\u00a0\u00bb button_letter_spacing__hover_enabled=\u00a0\u00bbon\u00a0\u00bb button_letter_spacing__hover=\u00a0\u00bb2px\u00a0\u00bb button_one_letter_spacing__hover_enabled=\u00a0\u00bboff\u00a0\u00bb button_two_letter_spacing__hover_enabled=\u00a0\u00bboff\u00a0\u00bb button_bg_color__hover_enabled=\u00a0\u00bbon\u00a0\u00bb button_one_bg_color__hover_enabled=\u00a0\u00bboff\u00a0\u00bb button_two_bg_color__hover_enabled=\u00a0\u00bboff\u00a0\u00bb][\/et_pb_cta][\/et_pb_column][\/et_pb_row][et_pb_row _builder_version=\u00a0\u00bb3.25&Prime;][et_pb_column type=\u00a0\u00bb4_4&Prime; _builder_version=\u00a0\u00bb3.25&Prime; custom_padding=\u00a0\u00bb|||\u00a0\u00bb custom_padding__hover=\u00a0\u00bb|||\u00a0\u00bb][et_pb_text admin_label=\u00a0\u00bbTexte missions\u00a0\u00bb _builder_version=\u00a0\u00bb3.27.4&Prime; inline_fonts=\u00a0\u00bbArial\u00a0\u00bb]<\/p>\n<p class=\"p1\" style=\"text-align: center;\"><span class=\"s1\" style=\"font-size: large; font-family: inherit; font-weight: normal; color: #ffffff;\">S<span class=\"s1\">uivi de la communication<\/span><\/span><\/p>\n<p class=\"p1\" style=\"text-align: center;\"><span class=\"s1\" style=\"font-size: large; font-family: inherit; font-weight: normal; color: #ffffff;\">Mise en place des visites avec les institutions priv\u00e9es et publiques<\/span><\/p>\n<p class=\"p1\" style=\"text-align: center;\"><span class=\"s1\" style=\"font-size: large; font-family: inherit; font-weight: normal; color: #ffffff;\">P<span class=\"s1\">artenariats m\u00e9dia et relations presse<\/span><\/span><\/p>\n<p>&nbsp;<\/p>\n<p class=\"p1\" style=\"text-align: center;\"><span class=\"s1\" style=\"font-size: large; font-family: inherit; font-weight: normal; color: #ffffff;\"><\/span><\/p>\n<p>[\/et_pb_text][\/et_pb_column][\/et_pb_row][\/et_pb_section]<\/p>\n","protected":false},"excerpt":{"rendered":"<p>\u00c9v\u00e9nement &#8212;&#8212;&#8212;&#8212;&#8212;&#8212;&#8212;&#8212;&#8212;&#8212;- Menart Fair convie l\u2019Orient a\u0300 Paris Pari r\u00e9ussi pour Menart Fair, avec son installation au Palais d\u2019I\u00e9na (CESE) \u00e0 Paris qui a accueilli 5.727 visiteurs en 3 jours et demi.128 \u0153uvres vendues, sur quelques 230 expos\u00e9es\u00a0! Pour sa 4e e\u0301dition, Menart Fair, premie\u0300re foire Europe\u0301enne de\u0301die\u0301e a\u0300 l\u2019art moderne &amp; contemporain + design [&hellip;]<\/p>\n","protected":false},"author":1,"featured_media":0,"parent":0,"menu_order":0,"comment_status":"closed","ping_status":"closed","template":"","meta":{"_et_pb_use_builder":"on","_et_pb_old_content":"","_et_gb_content_width":"","footnotes":""},"class_list":["post-2212","page","type-page","status-publish","hentry"],"_links":{"self":[{"href":"https:\/\/mariejacquier.com\/index.php\/wp-json\/wp\/v2\/pages\/2212","targetHints":{"allow":["GET"]}}],"collection":[{"href":"https:\/\/mariejacquier.com\/index.php\/wp-json\/wp\/v2\/pages"}],"about":[{"href":"https:\/\/mariejacquier.com\/index.php\/wp-json\/wp\/v2\/types\/page"}],"author":[{"embeddable":true,"href":"https:\/\/mariejacquier.com\/index.php\/wp-json\/wp\/v2\/users\/1"}],"replies":[{"embeddable":true,"href":"https:\/\/mariejacquier.com\/index.php\/wp-json\/wp\/v2\/comments?post=2212"}],"version-history":[{"count":29,"href":"https:\/\/mariejacquier.com\/index.php\/wp-json\/wp\/v2\/pages\/2212\/revisions"}],"predecessor-version":[{"id":3886,"href":"https:\/\/mariejacquier.com\/index.php\/wp-json\/wp\/v2\/pages\/2212\/revisions\/3886"}],"wp:attachment":[{"href":"https:\/\/mariejacquier.com\/index.php\/wp-json\/wp\/v2\/media?parent=2212"}],"curies":[{"name":"wp","href":"https:\/\/api.w.org\/{rel}","templated":true}]}}