{"id":1481,"date":"2019-07-11T16:59:23","date_gmt":"2019-07-11T14:59:23","guid":{"rendered":"https:\/\/mariejacquier.com\/?page_id=1481"},"modified":"2020-04-29T15:38:48","modified_gmt":"2020-04-29T13:38:48","slug":"jane-schmitt","status":"publish","type":"page","link":"https:\/\/mariejacquier.com\/index.php\/jane-schmitt\/","title":{"rendered":"Jane SCHMITT"},"content":{"rendered":"<p>[et_pb_section fb_built=\u00a0\u00bb1&Prime; _builder_version=\u00a0\u00bb3.22&Prime; background_image=\u00a0\u00bbhttps:\/\/mariejacquier.com\/wp-content\/uploads\/2019\/07\/bandeau2.jpg\u00a0\u00bb custom_padding=\u00a0\u00bb10px|0px|86px|0px|false|false\u00a0\u00bb][et_pb_row _builder_version=\u00a0\u00bb3.25&Prime; custom_padding=\u00a0\u00bb134px|40px|80px|40px|false|false\u00a0\u00bb animation_style=\u00a0\u00bbzoom\u00a0\u00bb animation_intensity_zoom=\u00a0\u00bb10%\u00a0\u00bb][et_pb_column type=\u00a0\u00bb4_4&Prime; _builder_version=\u00a0\u00bb3.25&Prime; custom_padding=\u00a0\u00bb|||\u00a0\u00bb custom_padding__hover=\u00a0\u00bb|||\u00a0\u00bb][et_pb_cta title=\u00a0\u00bbJane SCHMITT\u00a0\u00bb button_url=\u00a0\u00bb#top\u00a0\u00bb admin_label=\u00a0\u00bbHeader\u00a0\u00bb _builder_version=\u00a0\u00bb3.18.7&Prime; header_font=\u00a0\u00bbArial|600||on|||||\u00a0\u00bb header_text_color=\u00a0\u00bb#ffffff\u00a0\u00bb header_font_size=\u00a0\u00bb30px\u00a0\u00bb header_letter_spacing=\u00a0\u00bb5px\u00a0\u00bb header_line_height=\u00a0\u00bb1.4em\u00a0\u00bb body_font=\u00a0\u00bbOpen Sans|600|||||||\u00a0\u00bb body_font_size=\u00a0\u00bb16px\u00a0\u00bb body_line_height=\u00a0\u00bb1.8em\u00a0\u00bb use_background_color=\u00a0\u00bboff\u00a0\u00bb custom_button=\u00a0\u00bbon\u00a0\u00bb button_text_size=\u00a0\u00bb17px\u00a0\u00bb button_text_color=\u00a0\u00bb#ffffff\u00a0\u00bb button_bg_color=\u00a0\u00bbrgba(0,0,0,0)\u00a0\u00bb button_border_width=\u00a0\u00bb1px\u00a0\u00bb button_border_color=\u00a0\u00bb#ffffff\u00a0\u00bb button_border_radius=\u00a0\u00bb0px\u00a0\u00bb button_letter_spacing=\u00a0\u00bb4px\u00a0\u00bb button_font=\u00a0\u00bbArial|700||on|||||\u00a0\u00bb button_use_icon=\u00a0\u00bboff\u00a0\u00bb background_layout=\u00a0\u00bblight\u00a0\u00bb max_width=\u00a0\u00bb600px\u00a0\u00bb module_alignment=\u00a0\u00bbcenter\u00a0\u00bb custom_margin=\u00a0\u00bb50px|||\u00a0\u00bb custom_margin_tablet=\u00a0\u00bb0px|||\u00a0\u00bb custom_margin_phone=\u00a0\u00bb\u00a0\u00bb custom_margin_last_edited=\u00a0\u00bbon|tablet\u00a0\u00bb header_font_size_tablet=\u00a0\u00bb\u00a0\u00bb header_font_size_phone=\u00a0\u00bb20px\u00a0\u00bb header_font_size_last_edited=\u00a0\u00bbon|phone\u00a0\u00bb button_text_color_hover=\u00a0\u00bb#ffffff\u00a0\u00bb button_border_color_hover=\u00a0\u00bbrgba(0,0,0,0)\u00a0\u00bb button_border_radius_hover=\u00a0\u00bb28px\u00a0\u00bb button_letter_spacing_hover=\u00a0\u00bb2px\u00a0\u00bb button_bg_color_hover=\u00a0\u00bbrgba(0,0,0,0.7)\u00a0\u00bb locked=\u00a0\u00bboff\u00a0\u00bb inline_fonts=\u00a0\u00bbArial\u00a0\u00bb button_text_size__hover_enabled=\u00a0\u00bboff\u00a0\u00bb button_one_text_size__hover_enabled=\u00a0\u00bboff\u00a0\u00bb button_two_text_size__hover_enabled=\u00a0\u00bboff\u00a0\u00bb button_text_color__hover_enabled=\u00a0\u00bbon\u00a0\u00bb button_text_color__hover=\u00a0\u00bbrgba(0,0,0,0)\u00a0\u00bb button_one_text_color__hover_enabled=\u00a0\u00bboff\u00a0\u00bb button_two_text_color__hover_enabled=\u00a0\u00bboff\u00a0\u00bb button_border_width__hover_enabled=\u00a0\u00bboff\u00a0\u00bb button_one_border_width__hover_enabled=\u00a0\u00bboff\u00a0\u00bb button_two_border_width__hover_enabled=\u00a0\u00bboff\u00a0\u00bb button_border_color__hover_enabled=\u00a0\u00bbon\u00a0\u00bb button_border_color__hover=\u00a0\u00bbrgba(0,0,0,0)\u00a0\u00bb button_one_border_color__hover_enabled=\u00a0\u00bboff\u00a0\u00bb button_two_border_color__hover_enabled=\u00a0\u00bboff\u00a0\u00bb button_border_radius__hover_enabled=\u00a0\u00bbon\u00a0\u00bb button_border_radius__hover=\u00a0\u00bb0px\u00a0\u00bb button_one_border_radius__hover_enabled=\u00a0\u00bboff\u00a0\u00bb button_two_border_radius__hover_enabled=\u00a0\u00bboff\u00a0\u00bb button_letter_spacing__hover_enabled=\u00a0\u00bbon\u00a0\u00bb button_letter_spacing__hover=\u00a0\u00bb2px\u00a0\u00bb button_one_letter_spacing__hover_enabled=\u00a0\u00bboff\u00a0\u00bb button_two_letter_spacing__hover_enabled=\u00a0\u00bboff\u00a0\u00bb button_bg_color__hover_enabled=\u00a0\u00bbon\u00a0\u00bb button_one_bg_color__hover_enabled=\u00a0\u00bboff\u00a0\u00bb button_two_bg_color__hover_enabled=\u00a0\u00bboff\u00a0\u00bb][\/et_pb_cta][\/et_pb_column][\/et_pb_row][\/et_pb_section][et_pb_section fb_built=\u00a0\u00bb1&Prime; admin_label=\u00a0\u00bbJuice Categories Section\u00a0\u00bb _builder_version=\u00a0\u00bb3.22&Prime; custom_padding=\u00a0\u00bb60px|0px|60px|0px|false|false\u00a0\u00bb][et_pb_row _builder_version=\u00a0\u00bb3.25&Prime; custom_padding=\u00a0\u00bb25.5938px|0px|25px|0px|false|false\u00a0\u00bb][et_pb_column type=\u00a0\u00bb4_4&Prime; _builder_version=\u00a0\u00bb3.25&Prime; custom_padding=\u00a0\u00bb|||\u00a0\u00bb custom_padding__hover=\u00a0\u00bb|||\u00a0\u00bb][et_pb_text _builder_version=\u00a0\u00bb3.27.4&Prime; text_text_color=\u00a0\u00bb#000000&Prime; inline_fonts=\u00a0\u00bbArial\u00a0\u00bb]<\/p>\n<p class=\"p1\" style=\"text-align: center;\"><em><span style=\"color: #010236; font-family: Arial; font-size: x-large;\">Cr\u00e9atrice de bijoux<\/span><\/em><\/p>\n<p style=\"text-align: center;\"><span style=\"font-weight: normal;\">&#8212;&#8212;&#8212;&#8212;&#8212;&#8212;&#8212;&#8212;&#8212;&#8212;-<\/span><\/p>\n<p style=\"text-align: justify;\">Jane Schmitt, cr\u00e9atrice de bijoux, cr\u00e9\u00e9 sa marque \u00e9ponyme, de corps et de peau, de t\u00eate il y a peu encore. Elle cr\u00e9\u00e9e des parures, dans le sens le plus noble du terme, de celles qui embellissent le corps et bien plus que cela, et qui ont toutes en commun une m\u00eame singularit\u00e9. Celle d\u2019objets hybrides qui nous invitent dans son imaginaire fantasque et intense, o\u00f9 le bijou se fait sculpture, o\u00f9 la sculpture se fait bijou. <br \/>Les cr\u00e9ations de Jane sont des \u0153uvres d\u2019art, des bijoux de ceux qui vous d\u00e9finissent dans l\u2019exception, des objets de curiosit\u00e9 qui fascinent et interrogent, qui engagent la rencontre.<\/p>\n<p style=\"text-align: justify;\">Cette premi\u00e8re collection de bagues et boucles d&rsquo;oreilles en argent, vermeil, ou or parfois rehauss\u00e9es de diamants, trouvent leur filiation dans l\u2019histoire familiale. <br \/>Petite fille du sculpteur Sandu Babeanu, Jane s\u2019inspire des chutes de sculptures de son grand-p\u00e8re, collection de formes al\u00e9atoires pr\u00e9cieusement collect\u00e9es et d\u00e9tourn\u00e9es par la jeune cr\u00e9atrice.<\/p>\n<p style=\"text-align: justify;\">\u00ab\u00a0De ce reliquaire familial, Jane a extrait des morceaux choisis avec lesquels elle a cr\u00e9\u00e9e des bijoux en hommage \u00e0 cet inconnu dont elle se sent si proche\u00a0\u00bb.\u00a0<\/p>\n<p style=\"text-align: justify;\">Jane Schmitt pr\u00e9sente une collection de bijoux pr\u00e9cieux aux formes sculpturales, dont la r\u00e9\u00e9dition de la bague \u00ab\u00a0bite\u00a0\u00bb de Sandu Babeanu qui comme le dit si bien la propre fille de l\u2019artiste et m\u00e8re de la cr\u00e9atrice, \u00ab\u00a0se porte avec un brin d\u2019insolence et beaucoup d\u2019\u00e9l\u00e9gance\u00a0\u00bb.<\/p>\n<p style=\"text-align: justify;\">\u00c9l\u00e9gance et insolence sont tr\u00e8s certainement ce qui caract\u00e9rise cette collection, auxquelles il faudrait ajouter une note de sensualit\u00e9 fac\u00e9tieuse et po\u00e9tique.<\/p>\n<p>[\/et_pb_text][\/et_pb_column][\/et_pb_row][\/et_pb_section][et_pb_section fb_built=\u00a0\u00bb1&Prime; _builder_version=\u00a0\u00bb3.22&Prime; background_image=\u00a0\u00bbhttps:\/\/mariejacquier.com\/wp-content\/uploads\/2018\/12\/MARIEJACQUIER_agence.jpg\u00a0\u00bb parallax=\u00a0\u00bbon\u00a0\u00bb custom_padding=\u00a0\u00bb10px|0px|65px|0px|false|false\u00a0\u00bb][et_pb_row _builder_version=\u00a0\u00bb3.25&Prime; custom_padding=\u00a0\u00bb64px|40px|0|40px|false|false\u00a0\u00bb animation_style=\u00a0\u00bbzoom\u00a0\u00bb animation_intensity_zoom=\u00a0\u00bb10%\u00a0\u00bb][et_pb_column type=\u00a0\u00bb4_4&Prime; _builder_version=\u00a0\u00bb3.25&Prime; custom_padding=\u00a0\u00bb|||\u00a0\u00bb custom_padding__hover=\u00a0\u00bb|||\u00a0\u00bb][et_pb_cta title=\u00a0\u00bbNOS missions\u00a0\u00bb button_url=\u00a0\u00bb#top\u00a0\u00bb admin_label=\u00a0\u00bbNos missions\u00a0\u00bb _builder_version=\u00a0\u00bb3.18.7&Prime; header_font=\u00a0\u00bbArial|600||on|||||\u00a0\u00bb header_text_color=\u00a0\u00bb#ffffff\u00a0\u00bb header_font_size=\u00a0\u00bb30px\u00a0\u00bb header_letter_spacing=\u00a0\u00bb5px\u00a0\u00bb header_line_height=\u00a0\u00bb1.4em\u00a0\u00bb body_font=\u00a0\u00bbOpen Sans|600|||||||\u00a0\u00bb body_font_size=\u00a0\u00bb16px\u00a0\u00bb body_line_height=\u00a0\u00bb1.8em\u00a0\u00bb use_background_color=\u00a0\u00bboff\u00a0\u00bb custom_button=\u00a0\u00bbon\u00a0\u00bb button_text_size=\u00a0\u00bb17px\u00a0\u00bb button_text_color=\u00a0\u00bb#ffffff\u00a0\u00bb button_bg_color=\u00a0\u00bbrgba(0,0,0,0)\u00a0\u00bb button_border_width=\u00a0\u00bb1px\u00a0\u00bb button_border_color=\u00a0\u00bb#ffffff\u00a0\u00bb button_border_radius=\u00a0\u00bb0px\u00a0\u00bb button_letter_spacing=\u00a0\u00bb4px\u00a0\u00bb button_font=\u00a0\u00bbArial|700||on|||||\u00a0\u00bb button_use_icon=\u00a0\u00bboff\u00a0\u00bb background_layout=\u00a0\u00bblight\u00a0\u00bb max_width=\u00a0\u00bb600px\u00a0\u00bb module_alignment=\u00a0\u00bbcenter\u00a0\u00bb custom_margin=\u00a0\u00bb50px|||\u00a0\u00bb custom_margin_tablet=\u00a0\u00bb0px|||\u00a0\u00bb custom_margin_phone=\u00a0\u00bb\u00a0\u00bb custom_margin_last_edited=\u00a0\u00bbon|tablet\u00a0\u00bb header_font_size_tablet=\u00a0\u00bb\u00a0\u00bb header_font_size_phone=\u00a0\u00bb20px\u00a0\u00bb header_font_size_last_edited=\u00a0\u00bbon|phone\u00a0\u00bb button_text_color_hover=\u00a0\u00bb#ffffff\u00a0\u00bb button_border_color_hover=\u00a0\u00bbrgba(0,0,0,0)\u00a0\u00bb button_border_radius_hover=\u00a0\u00bb28px\u00a0\u00bb button_letter_spacing_hover=\u00a0\u00bb2px\u00a0\u00bb button_bg_color_hover=\u00a0\u00bbrgba(0,0,0,0.7)\u00a0\u00bb locked=\u00a0\u00bboff\u00a0\u00bb inline_fonts=\u00a0\u00bbArial\u00a0\u00bb button_text_size__hover_enabled=\u00a0\u00bboff\u00a0\u00bb button_one_text_size__hover_enabled=\u00a0\u00bboff\u00a0\u00bb button_two_text_size__hover_enabled=\u00a0\u00bboff\u00a0\u00bb button_text_color__hover_enabled=\u00a0\u00bbon\u00a0\u00bb button_text_color__hover=\u00a0\u00bbrgba(0,0,0,0)\u00a0\u00bb button_one_text_color__hover_enabled=\u00a0\u00bboff\u00a0\u00bb button_two_text_color__hover_enabled=\u00a0\u00bboff\u00a0\u00bb button_border_width__hover_enabled=\u00a0\u00bboff\u00a0\u00bb button_one_border_width__hover_enabled=\u00a0\u00bboff\u00a0\u00bb button_two_border_width__hover_enabled=\u00a0\u00bboff\u00a0\u00bb button_border_color__hover_enabled=\u00a0\u00bbon\u00a0\u00bb button_border_color__hover=\u00a0\u00bbrgba(0,0,0,0)\u00a0\u00bb button_one_border_color__hover_enabled=\u00a0\u00bboff\u00a0\u00bb button_two_border_color__hover_enabled=\u00a0\u00bboff\u00a0\u00bb button_border_radius__hover_enabled=\u00a0\u00bbon\u00a0\u00bb button_border_radius__hover=\u00a0\u00bb0px\u00a0\u00bb button_one_border_radius__hover_enabled=\u00a0\u00bboff\u00a0\u00bb button_two_border_radius__hover_enabled=\u00a0\u00bboff\u00a0\u00bb button_letter_spacing__hover_enabled=\u00a0\u00bbon\u00a0\u00bb button_letter_spacing__hover=\u00a0\u00bb2px\u00a0\u00bb button_one_letter_spacing__hover_enabled=\u00a0\u00bboff\u00a0\u00bb button_two_letter_spacing__hover_enabled=\u00a0\u00bboff\u00a0\u00bb button_bg_color__hover_enabled=\u00a0\u00bbon\u00a0\u00bb button_one_bg_color__hover_enabled=\u00a0\u00bboff\u00a0\u00bb button_two_bg_color__hover_enabled=\u00a0\u00bboff\u00a0\u00bb][\/et_pb_cta][\/et_pb_column][\/et_pb_row][et_pb_row _builder_version=\u00a0\u00bb3.25&Prime;][et_pb_column type=\u00a0\u00bb4_4&Prime; _builder_version=\u00a0\u00bb3.25&Prime; custom_padding=\u00a0\u00bb|||\u00a0\u00bb custom_padding__hover=\u00a0\u00bb|||\u00a0\u00bb][et_pb_text admin_label=\u00a0\u00bbTexte missions\u00a0\u00bb _builder_version=\u00a0\u00bb3.27.4&Prime; inline_fonts=\u00a0\u00bbArial\u00a0\u00bb]<\/p>\n<p class=\"p1\" style=\"text-align: center;\"><span class=\"s1\" style=\"font-size: large; font-family: inherit; font-weight: normal; color: #ffffff;\">Accompagnement de la communication<\/span><\/p>\n<p class=\"p1\" style=\"text-align: center;\">\n<p>[\/et_pb_text][et_pb_text admin_label=\u00a0\u00bbTexte missions\u00a0\u00bb _builder_version=\u00a0\u00bb3.27.4&Prime; inline_fonts=\u00a0\u00bbArial\u00a0\u00bb]<\/p>\n<p class=\"p1\" style=\"text-align: center;\"><img loading=\"lazy\" decoding=\"async\" class=\"alignnone wp-image-223\" src=\"https:\/\/mariejacquier.com\/wp-content\/uploads\/2018\/12\/rondblanc.png\" alt=\"\" width=\"10\" height=\"10\" style=\"font-family: inherit; font-size: 17px;\" \/><\/p>\n<p class=\"p1\" style=\"text-align: center;\"><span color=\"#ffffff\" face=\"Arial\" size=\"4\" style=\"color: #ffffff; font-family: inherit; font-size: large;\">Relations presse<\/span><\/p>\n<p>[\/et_pb_text][et_pb_text admin_label=\u00a0\u00bbTexte missions\u00a0\u00bb _builder_version=\u00a0\u00bb3.27.4&Prime; inline_fonts=\u00a0\u00bbArial\u00a0\u00bb][\/et_pb_text][\/et_pb_column][\/et_pb_row][\/et_pb_section]<\/p>\n","protected":false},"excerpt":{"rendered":"<p>Cr\u00e9atrice de bijoux &#8212;&#8212;&#8212;&#8212;&#8212;&#8212;&#8212;&#8212;&#8212;&#8212;- Jane Schmitt, cr\u00e9atrice de bijoux, cr\u00e9\u00e9 sa marque \u00e9ponyme, de corps et de peau, de t\u00eate il y a peu encore. Elle cr\u00e9\u00e9e des parures, dans le sens le plus noble du terme, de celles qui embellissent le corps et bien plus que cela, et qui ont toutes en commun une [&hellip;]<\/p>\n","protected":false},"author":1,"featured_media":0,"parent":0,"menu_order":0,"comment_status":"closed","ping_status":"closed","template":"","meta":{"_et_pb_use_builder":"on","_et_pb_old_content":"","_et_gb_content_width":"","footnotes":""},"class_list":["post-1481","page","type-page","status-publish","hentry"],"_links":{"self":[{"href":"https:\/\/mariejacquier.com\/index.php\/wp-json\/wp\/v2\/pages\/1481","targetHints":{"allow":["GET"]}}],"collection":[{"href":"https:\/\/mariejacquier.com\/index.php\/wp-json\/wp\/v2\/pages"}],"about":[{"href":"https:\/\/mariejacquier.com\/index.php\/wp-json\/wp\/v2\/types\/page"}],"author":[{"embeddable":true,"href":"https:\/\/mariejacquier.com\/index.php\/wp-json\/wp\/v2\/users\/1"}],"replies":[{"embeddable":true,"href":"https:\/\/mariejacquier.com\/index.php\/wp-json\/wp\/v2\/comments?post=1481"}],"version-history":[{"count":7,"href":"https:\/\/mariejacquier.com\/index.php\/wp-json\/wp\/v2\/pages\/1481\/revisions"}],"predecessor-version":[{"id":1844,"href":"https:\/\/mariejacquier.com\/index.php\/wp-json\/wp\/v2\/pages\/1481\/revisions\/1844"}],"wp:attachment":[{"href":"https:\/\/mariejacquier.com\/index.php\/wp-json\/wp\/v2\/media?parent=1481"}],"curies":[{"name":"wp","href":"https:\/\/api.w.org\/{rel}","templated":true}]}}